{"id":9025,"date":"2025-02-17T15:46:20","date_gmt":"2025-02-17T08:46:20","guid":{"rendered":"https:\/\/www.indianfoodcart.com\/?post_type=product&#038;p=9025"},"modified":"2025-11-19T15:40:12","modified_gmt":"2025-11-19T08:40:12","slug":"cha-la-khong-hat-seedless-date-500gm","status":"publish","type":"product","link":"https:\/\/www.indianfoodcart.com\/vn\/product\/cha-la-khong-hat-seedless-date-500gm\/","title":{"rendered":"CH\u00c0 L\u00c0 KH\u00d4NG H\u1ea0T Seedless Date (500gm)"},"content":{"rendered":"","protected":false},"excerpt":{"rendered":"","protected":false},"featured_media":9027,"template":"","meta":[],"product_cat":[104],"product_tag":[],"class_list":{"0":"post-9025","1":"product","2":"type-product","3":"status-publish","4":"has-post-thumbnail","6":"product_cat-nuts","8":"first","9":"outofstock","10":"taxable","11":"shipping-taxable","12":"purchasable","13":"product-type-simple"},"_links":{"self":[{"href":"https:\/\/www.indianfoodcart.com\/vn\/wp-json\/wp\/v2\/product\/9025","targetHints":{"allow":["GET"]}}],"collection":[{"href":"https:\/\/www.indianfoodcart.com\/vn\/wp-json\/wp\/v2\/product"}],"about":[{"href":"https:\/\/www.indianfoodcart.com\/vn\/wp-json\/wp\/v2\/types\/product"}],"wp:featuredmedia":[{"embeddable":true,"href":"https:\/\/www.indianfoodcart.com\/vn\/wp-json\/wp\/v2\/media\/9027"}],"wp:attachment":[{"href":"https:\/\/www.indianfoodcart.com\/vn\/wp-json\/wp\/v2\/media?parent=9025"}],"wp:term":[{"taxonomy":"product_cat","embeddable":true,"href":"https:\/\/www.indianfoodcart.com\/vn\/wp-json\/wp\/v2\/product_cat?post=9025"},{"taxonomy":"product_tag","embeddable":true,"href":"https:\/\/www.indianfoodcart.com\/vn\/wp-json\/wp\/v2\/product_tag?post=9025"}],"curies":[{"name":"wp","href":"https:\/\/api.w.org\/{rel}","templated":true}]}}