{"id":8482,"date":"2025-01-11T13:12:29","date_gmt":"2025-01-11T06:12:29","guid":{"rendered":"http:\/\/localhost\/?post_type=product&#038;p=8482"},"modified":"2025-11-21T12:25:07","modified_gmt":"2025-11-21T05:25:07","slug":"indiagate-super-basmati-rice-2kg","status":"publish","type":"product","link":"https:\/\/www.indianfoodcart.com\/vn\/product\/indiagate-super-basmati-rice-2kg\/","title":{"rendered":"IndiaGate Super Basmati Rice (2Kg)"},"content":{"rendered":"<pre>M\u00f4 t\u1ea3 s\u1ea3n ph\u1ea9m:<\/pre>\n<table>\n<tbody>\n<tr>\n<td style=\"text-align: center;\" colspan=\"2\" width=\"697\">\n<pre><strong>G\u1ea0O SUPER BASMATI RICE - INDIA GATE SUPER BASMATI RICE<\/strong><\/pre>\n<\/td>\n<\/tr>\n<tr>\n<td width=\"216\">\n<pre>Kh\u1ed1i l\u01b0\u1ee3ng<\/pre>\n<\/td>\n<td width=\"481\">\n<pre>2kg<\/pre>\n<\/td>\n<\/tr>\n<tr>\n<td width=\"216\">\n<pre>Ng\u00e0y s\u1ea3n xu\u1ea5t<\/pre>\n<\/td>\n<td width=\"481\">\n<pre>In tr\u00ean bao b\u00ec<\/pre>\n<\/td>\n<\/tr>\n<tr>\n<td width=\"216\">\n<pre>H\u1ea1n s\u1eed d\u1ee5ng<\/pre>\n<\/td>\n<td width=\"481\">\n<pre>24 th\u00e1ng<\/pre>\n<\/td>\n<\/tr>\n<tr>\n<td width=\"216\">\n<pre>B\u1ea3o qu\u1ea3n<\/pre>\n<\/td>\n<td width=\"481\">\n<pre>N\u01a1i kh\u00f4 tho\u00e1ng, tr\u00e1nh \u00e1nh n\u1eafng m\u1eb7t tr\u1eddi<\/pre>\n<\/td>\n<\/tr>\n<tr>\n<td width=\"216\">\n<pre>Xu\u1ea5t x\u1ee9<\/pre>\n<\/td>\n<td width=\"481\">\n<pre>\u1ea4n \u0110\u1ed9<\/pre>\n<\/td>\n<\/tr>\n<tr>\n<td width=\"216\">\n<pre>T\u1ef1 c\u00f4ng b\u1ed1 s\u1ed1<\/pre>\n<\/td>\n<td width=\"481\">\n<pre>08\/PANS\/2024<\/pre>\n<\/td>\n<\/tr>\n<tr>\n<td width=\"216\">\n<pre>Ph\u00e2n ph\u1ed1i b\u1edfi<\/pre>\n<\/td>\n<td width=\"481\">\n<pre>C\u00f4ng Ty TNHH To\u00e0n C\u1ea7u Pans<\/pre>\n<\/td>\n<\/tr>\n<tr>\n<td width=\"216\">\n<pre>\u0110\u1ecba ch\u1ec9<\/pre>\n<\/td>\n<td width=\"481\">\n<pre>T\u1ea7ng 5, S\u1ed1 19M Nguy\u1ec5n H\u1eefu C\u1ea3nh, Ph\u01b0\u1eddng 19, Qu\u1eadn B\u00ecnh Th\u1ea1nh, TP.HCM.<\/pre>\n<\/td>\n<\/tr>\n<\/tbody>\n<\/table>\n<pre>\r\n\r\n\ud83c\udf5a <strong>G\u1ea1o India Gate Super Basmati \u2013 G\u1ea1o D\u00e0i Th\u01a1m Cao C\u1ea5p T\u1eeb \u1ea4n \u0110\u1ed9 | Nh\u1eadp Kh\u1ea9u Ch\u00ednh H\u00e3ng t\u1eeb \u1ea4n \u0110\u1ed9<\/strong>\r\n\r\n<strong>India Gate Super Basmati Rice<\/strong> l\u00e0 d\u00f2ng g\u1ea1o th\u01a1m cao c\u1ea5p n\u1ed5i ti\u1ebfng to\u00e0n c\u1ea7u, \u0111\u01b0\u1ee3c s\u1ea3n xu\u1ea5t b\u1edfi <strong>KRBL Limited<\/strong> \u2013 nh\u00e0 xu\u1ea5t kh\u1ea9u g\u1ea1o Basmati s\u1ed1 1 \u1ea4n \u0110\u1ed9. G\u1ea1o c\u00f3 <strong>h\u1ea1t d\u00e0i, thon m\u1ea3nh<\/strong>, sau khi n\u1ea5u <strong>n\u1edf t\u01a1i, d\u1ebbo nh\u1eb9, kh\u00f4ng d\u00ednh<\/strong>, gi\u1eef nguy\u00ean m\u00f9i th\u01a1m t\u1ef1 nhi\u00ean v\u00e0 \u0111\u1ed9 b\u00f3ng \u0111\u1eb9p.\r\n\r\n\u0110\u00e2y l\u00e0 lo\u1ea1i g\u1ea1o l\u00fd t\u01b0\u1edfng \u0111\u1ec3 n\u1ea5u c\u00e1c m\u00f3n nh\u01b0 <strong>c\u01a1m biryani, c\u01a1m chi\u00ean, c\u01a1m h\u1ea1t r\u1eddi<\/strong> ho\u1eb7c d\u00f9ng trong b\u1eefa \u0103n h\u00e0ng ng\u00e0y n\u1ebfu b\u1ea1n y\u00eau th\u00edch s\u1ef1 thanh nh\u1eb9 v\u00e0 th\u01a1m ngon \u0111\u1eb7c tr\u01b0ng c\u1ee7a g\u1ea1o Basmati.\r\n\r\n\u2705 Th\u01b0\u01a1ng hi\u1ec7u: India Gate (KRBL Limited)\r\n\r\n\u2705 Th\u00e0nh ph\u1ea7n: 100% g\u1ea1o Basmati nguy\u00ean ch\u1ea5t, kh\u00f4ng pha tr\u1ed9n\r\n\r\n\ud83c\udf1f <strong>\u0110\u1eb7c \u0111i\u1ec3m n\u1ed5i b\u1eadt:\r\n<\/strong>-   G\u1ea1o <strong>h\u1ea1t d\u00e0i \u0111\u1eb7c tr\u01b0ng<\/strong>, th\u01a1m t\u1ef1 nhi\u00ean, kh\u00f4ng t\u1ea9y tr\u1eafng\r\n-   Sau khi n\u1ea5u: <strong>n\u1edf g\u1ea5p 2\u20132.5 l\u1ea7n<\/strong>, h\u1ea1t t\u01a1i, kh\u00f4ng d\u00ednh\r\n-   Ph\u00f9 h\u1ee3p cho c\u1ea3 m\u00f3n chay, m\u00f3n m\u1eb7n, c\u01a1m \u1ea4n ho\u1eb7c c\u01a1m Vi\u1ec7t\r\n<strong>-   100% g\u1ea1o Basmati nguy\u00ean ch\u1ea5t<\/strong>, kh\u00f4ng pha tr\u1ed9n, kh\u00f4ng h\u00f3a ch\u1ea5t\r\n-   \u0110\u01b0\u1ee3c \u0111\u00f3ng g\u00f3i v\u00e0 ki\u1ec3m \u0111\u1ecbnh nghi\u00eam ng\u1eb7t b\u1edfi <strong>KRBL Limited \u2013 th\u01b0\u01a1ng hi\u1ec7u g\u1ea1o l\u1edbn nh\u1ea5t \u1ea4n \u0110\u1ed9<\/strong><\/pre>\n<pre>\ud83c\udf7d\ufe0f <strong>H\u01b0\u1edbng d\u1eabn s\u1eed d\u1ee5ng:\r\n<\/strong>-   N\u1ea5u c\u01a1m Biryani, c\u01a1m chi\u00ean, c\u01a1m n\u1ea5u n\u1ed3i c\u01a1m \u0111i\u1ec7n, n\u1ed3i gang\r\n-   Ng\u00e2m g\u1ea1o 20\u201330 ph\u00fat tr\u01b0\u1edbc khi n\u1ea5u \u0111\u1ec3 c\u01a1m n\u1edf \u0111\u1ec1u v\u00e0 d\u1ebbo nh\u1eb9\r\n-   Ph\u00f9 h\u1ee3p cho nh\u00e0 h\u00e0ng, kh\u00e1ch s\u1ea1n, ng\u01b0\u1eddi y\u00eau th\u00edch \u1ea9m th\u1ef1c \u1ea4n &amp; Trung \u0110\u00f4ng<\/pre>\n<pre>\ud83d\udce6 <strong>B\u1ea3o qu\u1ea3n:\r\n<\/strong>-   \u0110\u1ec3 n\u01a1i kh\u00f4 r\u00e1o, tho\u00e1ng m\u00e1t, tr\u00e1nh \u00e1nh n\u1eafng tr\u1ef1c ti\u1ebfp\r\n-   Sau khi m\u1edf t\u00fai n\u00ean b\u1ea3o qu\u1ea3n trong h\u1ed9p k\u00edn \u0111\u1ec3 gi\u1eef m\u00f9i th\u01a1m<\/pre>\n<pre>\ud83d\udc49 <strong>India Gate Super Basmati \u2013 S\u1ef1 l\u1ef1a ch\u1ecdn ho\u00e0n h\u1ea3o cho nh\u1eefng ai y\u00eau th\u00edch c\u01a1m th\u01a1m, t\u01a1i, sang tr\u1ecdng v\u00e0 chu\u1ea9n v\u1ecb qu\u1ed1c t\u1ebf! Mua ngay h\u00f4m nay \u0111\u1ec3 tr\u1ea3i nghi\u1ec7m ch\u1ea5t l\u01b0\u1ee3ng g\u1ea1o Basmati s\u1ed1 1 th\u1ebf gi\u1edbi!<\/strong><\/pre>\n","protected":false},"excerpt":{"rendered":"<p>M\u00f4 t\u1ea3 s\u1ea3n ph\u1ea9m: G\u1ea0O SUPER BASMATI RICE &#8211; INDIA GATE SUPER BASMATI RICE Kh\u1ed1i l\u01b0\u1ee3ng 2kg Ng\u00e0y s\u1ea3n xu\u1ea5t In tr\u00ean bao b\u00ec H\u1ea1n s\u1eed d\u1ee5ng 24 th\u00e1ng B\u1ea3o qu\u1ea3n N\u01a1i kh\u00f4 tho\u00e1ng, tr\u00e1nh \u00e1nh n\u1eafng m\u1eb7t tr\u1eddi Xu\u1ea5t x\u1ee9 \u1ea4n \u0110\u1ed9 T\u1ef1 c\u00f4ng b\u1ed1 s\u1ed1 08\/PANS\/2024 Ph\u00e2n ph\u1ed1i b\u1edfi C\u00f4ng Ty TNHH To\u00e0n [&hellip;]<\/p>\n","protected":false},"featured_media":8199,"template":"","meta":[],"product_cat":[87],"product_tag":[],"class_list":{"0":"post-8482","1":"product","2":"type-product","3":"status-publish","4":"has-post-thumbnail","6":"product_cat-rice-basmati-rice","8":"first","9":"instock","10":"taxable","11":"shipping-taxable","12":"purchasable","13":"product-type-simple"},"_links":{"self":[{"href":"https:\/\/www.indianfoodcart.com\/vn\/wp-json\/wp\/v2\/product\/8482","targetHints":{"allow":["GET"]}}],"collection":[{"href":"https:\/\/www.indianfoodcart.com\/vn\/wp-json\/wp\/v2\/product"}],"about":[{"href":"https:\/\/www.indianfoodcart.com\/vn\/wp-json\/wp\/v2\/types\/product"}],"wp:featuredmedia":[{"embeddable":true,"href":"https:\/\/www.indianfoodcart.com\/vn\/wp-json\/wp\/v2\/media\/8199"}],"wp:attachment":[{"href":"https:\/\/www.indianfoodcart.com\/vn\/wp-json\/wp\/v2\/media?parent=8482"}],"wp:term":[{"taxonomy":"product_cat","embeddable":true,"href":"https:\/\/www.indianfoodcart.com\/vn\/wp-json\/wp\/v2\/product_cat?post=8482"},{"taxonomy":"product_tag","embeddable":true,"href":"https:\/\/www.indianfoodcart.com\/vn\/wp-json\/wp\/v2\/product_tag?post=8482"}],"curies":[{"name":"wp","href":"https:\/\/api.w.org\/{rel}","templated":true}]}}