{"id":8313,"date":"2025-01-11T13:11:31","date_gmt":"2025-01-11T06:11:31","guid":{"rendered":"http:\/\/localhost\/?post_type=product&#038;p=8313"},"modified":"2025-07-03T17:05:31","modified_gmt":"2025-07-03T10:05:31","slug":"khuon-banh-mi-toaster-sandwich-maker","status":"publish","type":"product","link":"https:\/\/www.indianfoodcart.com\/vn\/product\/khuon-banh-mi-toaster-sandwich-maker\/","title":{"rendered":"Khu\u00f4n B\u00e1nh M\u00ec Toaster Sandwich Maker"},"content":{"rendered":"","protected":false},"excerpt":{"rendered":"","protected":false},"featured_media":8343,"template":"","meta":[],"product_cat":[100],"product_tag":[],"class_list":{"0":"post-8313","1":"product","2":"type-product","3":"status-publish","4":"has-post-thumbnail","6":"product_cat-kitchen-utensils","8":"first","9":"instock","10":"taxable","11":"shipping-taxable","12":"purchasable","13":"product-type-simple"},"_links":{"self":[{"href":"https:\/\/www.indianfoodcart.com\/vn\/wp-json\/wp\/v2\/product\/8313","targetHints":{"allow":["GET"]}}],"collection":[{"href":"https:\/\/www.indianfoodcart.com\/vn\/wp-json\/wp\/v2\/product"}],"about":[{"href":"https:\/\/www.indianfoodcart.com\/vn\/wp-json\/wp\/v2\/types\/product"}],"wp:featuredmedia":[{"embeddable":true,"href":"https:\/\/www.indianfoodcart.com\/vn\/wp-json\/wp\/v2\/media\/8343"}],"wp:attachment":[{"href":"https:\/\/www.indianfoodcart.com\/vn\/wp-json\/wp\/v2\/media?parent=8313"}],"wp:term":[{"taxonomy":"product_cat","embeddable":true,"href":"https:\/\/www.indianfoodcart.com\/vn\/wp-json\/wp\/v2\/product_cat?post=8313"},{"taxonomy":"product_tag","embeddable":true,"href":"https:\/\/www.indianfoodcart.com\/vn\/wp-json\/wp\/v2\/product_tag?post=8313"}],"curies":[{"name":"wp","href":"https:\/\/api.w.org\/{rel}","templated":true}]}}