{"id":8309,"date":"2025-01-11T13:11:31","date_gmt":"2025-01-11T06:11:31","guid":{"rendered":"http:\/\/localhost\/?post_type=product&#038;p=8309"},"modified":"2025-07-03T17:05:31","modified_gmt":"2025-07-03T10:05:31","slug":"giu-nong-banh-mi-milton-cello-cassrole","status":"publish","type":"product","link":"https:\/\/www.indianfoodcart.com\/vn\/product\/giu-nong-banh-mi-milton-cello-cassrole\/","title":{"rendered":"Gi\u1eef N\u00f3ng B\u00e1nh M\u00ec MILTON Cello Cassrole"},"content":{"rendered":"","protected":false},"excerpt":{"rendered":"","protected":false},"featured_media":8339,"template":"","meta":[],"product_cat":[100],"product_tag":[],"class_list":{"0":"post-8309","1":"product","2":"type-product","3":"status-publish","4":"has-post-thumbnail","6":"product_cat-kitchen-utensils","8":"first","9":"instock","10":"sale","11":"taxable","12":"shipping-taxable","13":"purchasable","14":"product-type-simple"},"_links":{"self":[{"href":"https:\/\/www.indianfoodcart.com\/vn\/wp-json\/wp\/v2\/product\/8309","targetHints":{"allow":["GET"]}}],"collection":[{"href":"https:\/\/www.indianfoodcart.com\/vn\/wp-json\/wp\/v2\/product"}],"about":[{"href":"https:\/\/www.indianfoodcart.com\/vn\/wp-json\/wp\/v2\/types\/product"}],"wp:featuredmedia":[{"embeddable":true,"href":"https:\/\/www.indianfoodcart.com\/vn\/wp-json\/wp\/v2\/media\/8339"}],"wp:attachment":[{"href":"https:\/\/www.indianfoodcart.com\/vn\/wp-json\/wp\/v2\/media?parent=8309"}],"wp:term":[{"taxonomy":"product_cat","embeddable":true,"href":"https:\/\/www.indianfoodcart.com\/vn\/wp-json\/wp\/v2\/product_cat?post=8309"},{"taxonomy":"product_tag","embeddable":true,"href":"https:\/\/www.indianfoodcart.com\/vn\/wp-json\/wp\/v2\/product_tag?post=8309"}],"curies":[{"name":"wp","href":"https:\/\/api.w.org\/{rel}","templated":true}]}}