{"id":8119,"date":"2025-01-11T13:10:52","date_gmt":"2025-01-11T06:10:52","guid":{"rendered":"http:\/\/localhost\/?post_type=product&#038;p=8119"},"modified":"2025-11-13T16:57:14","modified_gmt":"2025-11-13T09:57:14","slug":"mdh-kitchen-king-masala-100gr","status":"publish","type":"product","link":"https:\/\/www.indianfoodcart.com\/vn\/product\/mdh-kitchen-king-masala-100gr\/","title":{"rendered":"MDH Kitchen King Masala (100Gr)"},"content":{"rendered":"<pre>M\u00f4 t\u1ea3 s\u1ea3n ph\u1ea9m:<\/pre>\n<table>\n<tbody>\n<tr>\n<td style=\"text-align: center;\" colspan=\"2\" width=\"697\">\n<pre><strong>KITCHEN KING MASALA - B\u1ed8T GIA V\u1eca KITCHEN KING<\/strong><\/pre>\n<\/td>\n<\/tr>\n<tr>\n<td width=\"216\">\n<pre>Kh\u1ed1i l\u01b0\u1ee3ng<\/pre>\n<\/td>\n<td width=\"481\">\n<pre>100g<\/pre>\n<\/td>\n<\/tr>\n<tr>\n<td width=\"216\">\n<pre>Ng\u00e0y s\u1ea3n xu\u1ea5t<\/pre>\n<\/td>\n<td width=\"481\">\n<pre>In tr\u00ean bao b\u00ec<\/pre>\n<\/td>\n<\/tr>\n<tr>\n<td width=\"216\">\n<pre>H\u1ea1n s\u1eed d\u1ee5ng<\/pre>\n<\/td>\n<td width=\"481\">\n<pre>24 th\u00e1ng<\/pre>\n<\/td>\n<\/tr>\n<tr>\n<td width=\"216\">\n<pre>B\u1ea3o qu\u1ea3n<\/pre>\n<\/td>\n<td width=\"481\">\n<pre>N\u01a1i kh\u00f4 tho\u00e1ng, tr\u00e1nh \u00e1nh n\u1eafng m\u1eb7t tr\u1eddi<\/pre>\n<\/td>\n<\/tr>\n<tr>\n<td width=\"216\">\n<pre>Xu\u1ea5t x\u1ee9<\/pre>\n<\/td>\n<td width=\"481\">\n<pre>UAE<\/pre>\n<\/td>\n<\/tr>\n<tr>\n<td width=\"216\">\n<pre>T\u1ef1 c\u00f4ng b\u1ed1 s\u1ed1<\/pre>\n<\/td>\n<td width=\"481\">\n<pre>17\/TCP\/2020<\/pre>\n<\/td>\n<\/tr>\n<tr>\n<td width=\"216\">\n<pre>Ph\u00e2n ph\u1ed1i b\u1edfi<\/pre>\n<\/td>\n<td width=\"481\">\n<pre>C\u00f4ng Ty TNHH To\u00e0n C\u1ea7u Pans<\/pre>\n<\/td>\n<\/tr>\n<tr>\n<td width=\"216\">\n<pre>\u0110\u1ecba ch\u1ec9<\/pre>\n<\/td>\n<td width=\"481\">\n<pre>T\u1ea7ng 5, S\u1ed1 19M Nguy\u1ec5n H\u1eefu C\u1ea3nh, Ph\u01b0\u1eddng 19, Qu\u1eadn B\u00ecnh Th\u1ea1nh, TP.HCM.<\/pre>\n<\/td>\n<\/tr>\n<\/tbody>\n<\/table>\n<pre>\r\n\r\n<strong>Kitchen King Masala<\/strong> l\u00e0 lo\u1ea1i b\u1ed9t gia v\u1ecb t\u1ed5ng h\u1ee3p <strong data-start=\"509\" data-end=\"520\">cao c\u1ea5p<\/strong>, \u0111\u01b0\u1ee3c s\u1ea3n xu\u1ea5t theo c\u00f4ng th\u1ee9c truy\u1ec1n th\u1ed1ng \u1ea4n \u0110\u1ed9 t\u1ea1i UAE. \u0110\u00e2y l\u00e0 s\u1ef1 pha tr\u1ed9n ho\u00e0n h\u1ea3o gi\u1eefa nhi\u1ec1u lo\u1ea1i gia v\u1ecb th\u01a1m ngon nh\u01b0 <strong data-start=\"644\" data-end=\"725\">th\u00ec l\u00e0, h\u1ea1t m\u00f9i, ti\u00eau \u0111en, b\u1ea1ch \u0111\u1eadu kh\u1ea5u, qu\u1ebf, ngh\u1ec7, g\u1eebng kh\u00f4, nh\u1ee5c \u0111\u1eadu kh\u1ea5u\u2026<\/strong>, t\u1ea1o n\u00ean h\u01b0\u01a1ng v\u1ecb \u0111\u1eadm \u0111\u00e0, cay nh\u1eb9 v\u00e0 th\u01a1m ph\u1ee9c \u0111\u1eb7c tr\u01b0ng.\r\n\r\nL\u00e0 gia v\u1ecb kh\u00f4ng th\u1ec3 thi\u1ebfu trong <strong data-start=\"817\" data-end=\"834\">\u1ea9m th\u1ef1c \u1ea4n \u0110\u1ed9<\/strong>, \u0111\u1eb7c bi\u1ec7t d\u00f9ng cho c\u00e1c m\u00f3n rau x\u00e0o, \u0111\u1eadu, c\u00e0 ri, s\u00fap, ho\u1eb7c m\u00f3n chay ki\u1ec3u B\u1eafc \u1ea4n.\r\n\r\n\u2705 Th\u00e0nh ph\u1ea7n: Rau m\u00f9i, \u1edbt \u0111\u1ecf, b\u1ed9t th\u00eca l\u00e0, ngh\u1ec7, mu\u1ed1i tr\u1eafng, d\u01b0a x\u1ea1 h\u01b0\u01a1ng, m\u00f9 t\u1ea1t, l\u00e1 c\u00e2y h\u1ed3 l\u00f4 ba, t\u1ecfi kh\u00f4, g\u1eebng kh\u00f4, h\u1ea1t ti\u00eau \u0111en, h\u00e0nh kh\u00f4, b\u1ea1ch \u0111\u1eadu kh\u1ea5u Amomum, Cassia, th\u00ec l\u00e0, \u0111inh h\u01b0\u01a1ng, nh\u1ee5c \u0111\u1eadu kh\u1ea5u, Mace, b\u1ea1ch \u0111\u1eadu kh\u1ea5u xanh, Asafoetida.\r\n\r\n\u2705 D\u1ea1ng b\u1ed9t m\u1ecbn, \u0111\u00f3ng g\u00f3i k\u00edn\r\n\r\n\u2705 Th\u00edch h\u1ee3p: M\u00f3n chay, m\u00f3n m\u1eb7n, c\u00e0 ri, rau c\u1ee7 x\u00e0o\r\n\r\n\ud83c\udf1f <strong data-start=\"928\" data-end=\"949\">\u0110\u1eb7c \u0111i\u1ec3m n\u1ed5i b\u1eadt:\r\n<\/strong>-   H\u01b0\u01a1ng v\u1ecb \u0111\u1eadm \u0111\u00e0, h\u00e0i h\u00f2a\r\n-   T\u0103ng h\u01b0\u01a1ng th\u01a1m t\u1ef1 nhi\u00ean cho m\u00f3n \u0103n m\u00e0 kh\u00f4ng c\u1ea7n th\u00eam qu\u00e1 nhi\u1ec1u mu\u1ed1i\r\n-   D\u1ec5 s\u1eed d\u1ee5ng, ti\u1ec7n l\u1ee3i, d\u00f9ng \u0111\u01b0\u1ee3c cho nhi\u1ec1u m\u00f3n\r\n-   \u0110\u01b0\u1ee3c \u01b0a chu\u1ed9ng trong c\u1ea3 <strong data-start=\"1153\" data-end=\"1177\">m\u00f3n m\u1eb7n l\u1eabn m\u00f3n chay\r\n<\/strong><strong data-start=\"1180\" data-end=\"1212\">-   S\u1ea3n xu\u1ea5t v\u00e0 \u0111\u00f3ng g\u00f3i t\u1ea1i UAE<\/strong>, \u0111\u1ea3m b\u1ea3o ch\u1ea5t l\u01b0\u1ee3ng &amp; v\u1ec7 sinh<\/pre>\n<pre>\ud83c\udf72 <strong>H\u01b0\u1edbng d\u1eabn s\u1eed d\u1ee5ng:\r\n<\/strong>-   D\u00f9ng 1\u20132 th\u00eca c\u00e0 ph\u00ea cho c\u00e1c m\u00f3n c\u00e0 ri, sabzi (rau x\u00e0o), dal, khoai t\u00e2y, paneer,...\r\n-   Th\u00eam v\u00e0o \u1edf giai \u0111o\u1ea1n cu\u1ed1i khi n\u1ea5u \u0111\u1ec3 gi\u1eef \u0111\u01b0\u1ee3c m\u00f9i th\u01a1m \u0111\u1eb7c tr\u01b0ng\r\n-   C\u00f3 th\u1ec3 k\u1ebft h\u1ee3p v\u1edbi b\u1ed9t ngh\u1ec7, garam masala ho\u1eb7c ghee \u0111\u1ec3 t\u0103ng \u0111\u1ed9 \u0111\u1eadm v\u1ecb<\/pre>\n<pre>\ud83d\udce6 <strong>B\u1ea3o qu\u1ea3n:\r\n<\/strong>-   \u0110\u1eady k\u00edn sau khi d\u00f9ng\r\n-   B\u1ea3o qu\u1ea3n n\u01a1i kh\u00f4 r\u00e1o, tr\u00e1nh \u00e1nh n\u1eafng tr\u1ef1c ti\u1ebfp<\/pre>\n<pre>\ud83d\udc49 <strong data-start=\"1610\" data-end=\"1736\">Kitchen King Masala \u2013 Gia v\u1ecb ho\u00e0n h\u1ea3o \u0111\u1ec3 \u201cn\u00e2ng t\u1ea7m\u201d m\u1ecdi m\u00f3n \u0103n chay v\u00e0 m\u1eb7n theo phong c\u00e1ch \u1ea4n \u0110\u1ed9. Mua ngay \u0111\u1ec3 tr\u1ea3i nghi\u1ec7m!<\/strong><\/pre>\n","protected":false},"excerpt":{"rendered":"<p>M\u00f4 t\u1ea3 s\u1ea3n ph\u1ea9m: KITCHEN KING MASALA &#8211; B\u1ed8T GIA V\u1eca KITCHEN KING Kh\u1ed1i l\u01b0\u1ee3ng 100g Ng\u00e0y s\u1ea3n xu\u1ea5t In tr\u00ean bao b\u00ec H\u1ea1n s\u1eed d\u1ee5ng 24 th\u00e1ng B\u1ea3o qu\u1ea3n N\u01a1i kh\u00f4 tho\u00e1ng, tr\u00e1nh \u00e1nh n\u1eafng m\u1eb7t tr\u1eddi Xu\u1ea5t x\u1ee9 UAE T\u1ef1 c\u00f4ng b\u1ed1 s\u1ed1 17\/TCP\/2020 Ph\u00e2n ph\u1ed1i b\u1edfi C\u00f4ng Ty TNHH To\u00e0n C\u1ea7u Pans [&hellip;]<\/p>\n","protected":false},"featured_media":8149,"template":"","meta":[],"product_cat":[85],"product_tag":[],"class_list":{"0":"post-8119","1":"product","2":"type-product","3":"status-publish","4":"has-post-thumbnail","6":"product_cat-powdered-spices","8":"first","9":"instock","10":"taxable","11":"shipping-taxable","12":"purchasable","13":"product-type-simple"},"_links":{"self":[{"href":"https:\/\/www.indianfoodcart.com\/vn\/wp-json\/wp\/v2\/product\/8119","targetHints":{"allow":["GET"]}}],"collection":[{"href":"https:\/\/www.indianfoodcart.com\/vn\/wp-json\/wp\/v2\/product"}],"about":[{"href":"https:\/\/www.indianfoodcart.com\/vn\/wp-json\/wp\/v2\/types\/product"}],"wp:featuredmedia":[{"embeddable":true,"href":"https:\/\/www.indianfoodcart.com\/vn\/wp-json\/wp\/v2\/media\/8149"}],"wp:attachment":[{"href":"https:\/\/www.indianfoodcart.com\/vn\/wp-json\/wp\/v2\/media?parent=8119"}],"wp:term":[{"taxonomy":"product_cat","embeddable":true,"href":"https:\/\/www.indianfoodcart.com\/vn\/wp-json\/wp\/v2\/product_cat?post=8119"},{"taxonomy":"product_tag","embeddable":true,"href":"https:\/\/www.indianfoodcart.com\/vn\/wp-json\/wp\/v2\/product_tag?post=8119"}],"curies":[{"name":"wp","href":"https:\/\/api.w.org\/{rel}","templated":true}]}}