{"id":9120,"date":"2025-03-27T15:14:50","date_gmt":"2025-03-27T08:14:50","guid":{"rendered":"https:\/\/www.indianfoodcart.com\/?page_id=9120"},"modified":"2025-03-27T15:22:06","modified_gmt":"2025-03-27T08:22:06","slug":"chinh-sach-thanh-toan","status":"publish","type":"page","link":"https:\/\/www.indianfoodcart.com\/vn\/chinh-sach-thanh-toan\/","title":{"rendered":"Ch\u00ednh S\u00e1ch Thanh To\u00e1n"},"content":{"rendered":"<p>CH\u00cdNH S\u00c1CH THANH TO\u00c1N:<\/p>\n<p>1. T\u1ea1i c\u1eeda h\u00e0ng:<br \/>\n&#8211; Thanh to\u00e1n b\u1eb1ng ti\u1ec1n m\u1eb7t<\/p>\n<p>&#8211; Thanh to\u00e1n b\u1eb1ng th\u1ebb ATM ho\u1eb7c th\u1ebb t\u00edn d\u1ee5ng VISA\/MASTER\/JCB<\/p>\n<p>&#8211; Chuy\u1ec3n kho\u1ea3n v\u00e0o t\u00e0i kho\u1ea3n c\u1ee7a C\u00f4ng ty:<\/p>\n<p><strong>C\u00d4NG TY TNHH TO\u00c0N C\u1ea6U PANS<\/strong><br \/>\n<strong>TK: 0304000005130<\/strong><br \/>\n<strong>NG\u00c2N H\u00c0NG: PUBLIC BANK \u2013 CHI NH\u00c1NH TP. HCM<\/strong><\/p>\n<p>2. T\u1ea1i nh\u00e0 kh\u00e1ch h\u00e0ng: (\u00c1p d\u1ee5ng cho kh\u00e1ch h\u00e0ng c\u00f3 \u0111\u1ecba ch\u1ec9 t\u1ea1i c\u00e1c qu\u1eadn n\u1ed9i th\u00e0nh TP.HCM)<br \/>\n&#8211; Thanh to\u00e1n b\u1eb1ng ti\u1ec1n m\u1eb7t<\/p>\n<p>&#8211; Chuy\u1ec3n kho\u1ea3n v\u00e0o t\u00e0i kho\u1ea3n C\u00f4ng ty:<\/p>\n<p><strong>C\u00d4NG TY TNHH TO\u00c0N C\u1ea6U PANS<\/strong><br \/>\n<strong>TK: 0304000005130<\/strong><br \/>\n<strong>NG\u00c2N H\u00c0NG: PUBLIC BANK \u2013 CHI NH\u00c1NH TP. HCM<\/strong><\/p>\n<p>3. Kh\u00e1ch h\u00e0ng \u1edf t\u1ec9nh kh\u00e1c: Chuy\u1ec3n kho\u1ea3n thanh to\u00e1n 100% \u0111\u01a1n h\u00e0ng v\u00e0o t\u00e0i kho\u1ea3n c\u00f4ng ty:<\/p>\n<p><strong>C\u00d4NG TY TNHH TO\u00c0N C\u1ea6U PANS<\/strong><br \/>\n<strong>TK: 0304000005130<\/strong><br \/>\n<strong>NG\u00c2N H\u00c0NG: PUBLIC BANK \u2013 CHI NH\u00c1NH TP. HCM<\/strong><\/p>\n<p>&nbsp;<\/p>\n","protected":false},"excerpt":{"rendered":"<p>CH\u00cdNH S\u00c1CH THANH TO\u00c1N: 1. T\u1ea1i c\u1eeda h\u00e0ng: &#8211; Thanh to\u00e1n b\u1eb1ng ti\u1ec1n m\u1eb7t &#8211; Thanh to\u00e1n b\u1eb1ng th\u1ebb ATM ho\u1eb7c th\u1ebb t\u00edn d\u1ee5ng VISA\/MASTER\/JCB &#8211; Chuy\u1ec3n kho\u1ea3n v\u00e0o t\u00e0i kho\u1ea3n c\u1ee7a C\u00f4ng ty: C\u00d4NG TY TNHH TO\u00c0N C\u1ea6U PANS TK: 0304000005130 NG\u00c2N H\u00c0NG: PUBLIC BANK \u2013 CHI NH\u00c1NH TP. HCM 2. T\u1ea1i nh\u00e0 kh\u00e1ch [&hellip;]<\/p>\n","protected":false},"author":1,"featured_media":0,"parent":0,"menu_order":0,"comment_status":"closed","ping_status":"closed","template":"","meta":{"footnotes":""},"class_list":["post-9120","page","type-page","status-publish","hentry"],"_links":{"self":[{"href":"https:\/\/www.indianfoodcart.com\/vn\/wp-json\/wp\/v2\/pages\/9120","targetHints":{"allow":["GET"]}}],"collection":[{"href":"https:\/\/www.indianfoodcart.com\/vn\/wp-json\/wp\/v2\/pages"}],"about":[{"href":"https:\/\/www.indianfoodcart.com\/vn\/wp-json\/wp\/v2\/types\/page"}],"author":[{"embeddable":true,"href":"https:\/\/www.indianfoodcart.com\/vn\/wp-json\/wp\/v2\/users\/1"}],"replies":[{"embeddable":true,"href":"https:\/\/www.indianfoodcart.com\/vn\/wp-json\/wp\/v2\/comments?post=9120"}],"version-history":[{"count":6,"href":"https:\/\/www.indianfoodcart.com\/vn\/wp-json\/wp\/v2\/pages\/9120\/revisions"}],"predecessor-version":[{"id":9130,"href":"https:\/\/www.indianfoodcart.com\/vn\/wp-json\/wp\/v2\/pages\/9120\/revisions\/9130"}],"wp:attachment":[{"href":"https:\/\/www.indianfoodcart.com\/vn\/wp-json\/wp\/v2\/media?parent=9120"}],"curies":[{"name":"wp","href":"https:\/\/api.w.org\/{rel}","templated":true}]}}