{"id":9103,"date":"2025-03-27T14:44:33","date_gmt":"2025-03-27T07:44:33","guid":{"rendered":"https:\/\/www.indianfoodcart.com\/?page_id=9103"},"modified":"2025-03-27T15:21:09","modified_gmt":"2025-03-27T08:21:09","slug":"huong-dan-mua-hang","status":"publish","type":"page","link":"https:\/\/www.indianfoodcart.com\/vn\/huong-dan-mua-hang\/","title":{"rendered":"H\u01b0\u1edbng D\u1eabn Mua H\u00e0ng"},"content":{"rendered":"<h4>H\u01b0\u1edbng D\u1eabn Mua H\u00e0ng<\/h4>\n<p>I. H\u01b0\u1edbng d\u1eabn mua h\u00e0ng:<br \/>\n1. Mua h\u00e0ng tr\u1ef1c ti\u1ebfp:<br \/>\n&#8211; Qu\u00fd kh\u00e1ch \u0111\u1ebfn Showroom theo \u0111\u1ecba ch\u1ec9 nh\u01b0 sau: 27 M\u00ea Linh, Ph\u01b0\u1eddng 19, Qu\u1eadn B\u00ecnh Th\u1ea1nh, Th\u00e0nh Ph\u1ed1 H\u1ed3 Ch\u00ed Minh.<br \/>\n&#8211; T\u00ecm hi\u1ec3u, nh\u1eadn t\u01b0 v\u1ea5n v\u00e0 tr\u1ea3i nghi\u1ec7m s\u1ea3n ph\u1ea9m tr\u1ef1c ti\u1ebfp.<\/p>\n<p>&#8211; Quy\u1ebft \u0111\u1ecbnh l\u1ef1a ch\u1ecdn s\u1ea3n ph\u1ea9m v\u00e0 mua tr\u1ef1c ti\u1ebfp t\u1ea1i c\u1eeda h\u00e0ng.<\/p>\n<p>2. Mua h\u00e0ng tr\u00ean website:<br \/>\na. C\u00e1ch 1:<br \/>\n&#8211; B\u01b0\u1edbc 1: Qu\u00fd kh\u00e1ch truy c\u1eadp v\u00e0 l\u1ef1a ch\u1ecdn s\u1ea3n ph\u1ea9m c\u1ea7n mua tr\u00ean website https:\/\/www.indianfoodcart.com<\/p>\n<p>&#8211; B\u01b0\u1edbc 2: G\u1ecdi \u0111i\u1ec7n tho\u1ea1i \u0111\u1ebfn Hotline 0932-020-227 (T\u1eeb 8:00 &#8211; 20:00 t\u1eeb T2 \u0111\u1ebfn T7) \u0111\u1ec3 \u0111\u1eb7t h\u00e0ng.<\/p>\n<p>&#8211; B\u01b0\u1edbc 3: Nh\u00e2n vi\u00ean s\u1ebd t\u01b0 v\u1ea5n, h\u1ed7 tr\u1ee3 qu\u00fd kh\u00e1ch mua s\u1ea3n ph\u1ea9m \u01b0ng \u00fd nh\u1ea5t, ph\u00f9 h\u1ee3p nhu c\u1ea7u, chi ph\u00ed.<\/p>\n<p>b. C\u00e1ch 2:<br \/>\n&#8211; Qu\u00fd kh\u00e1ch truy c\u1eadp website https:\/\/www.indianfoodcart.com<\/p>\n<p>&#8211; Qu\u00fd kh\u00e1ch c\u00f3 th\u1ec3 t\u00ecm s\u1ea3n ph\u1ea9m mu\u1ed1n mua theo c\u00e1c c\u00e1ch sau:<\/p>\n<p>+ Nh\u1eadp t\u00ean s\u1ea3n ph\u1ea9m c\u1ea7n t\u00ecm v\u00e0o \u00f4 t\u00ecm ki\u1ebfm<\/p>\n<p><img fetchpriority=\"high\" decoding=\"async\" class=\"alignnone wp-image-9106 size-large\" src=\"https:\/\/www.indianfoodcart.com\/wp-content\/uploads\/2025\/03\/2025-03-27-14_48_05-Indian-Food-Cart-\u2013-Best-Indian-Grocery-in-Vietnam-1024x305.png\" alt=\"\" width=\"640\" height=\"191\" srcset=\"https:\/\/www.indianfoodcart.com\/vn\/wp-content\/uploads\/2025\/03\/2025-03-27-14_48_05-Indian-Food-Cart-\u2013-Best-Indian-Grocery-in-Vietnam-1024x305.png 1024w, https:\/\/www.indianfoodcart.com\/vn\/wp-content\/uploads\/2025\/03\/2025-03-27-14_48_05-Indian-Food-Cart-\u2013-Best-Indian-Grocery-in-Vietnam-300x89.png 300w, https:\/\/www.indianfoodcart.com\/vn\/wp-content\/uploads\/2025\/03\/2025-03-27-14_48_05-Indian-Food-Cart-\u2013-Best-Indian-Grocery-in-Vietnam-768x229.png 768w, https:\/\/www.indianfoodcart.com\/vn\/wp-content\/uploads\/2025\/03\/2025-03-27-14_48_05-Indian-Food-Cart-\u2013-Best-Indian-Grocery-in-Vietnam-600x179.png 600w, https:\/\/www.indianfoodcart.com\/vn\/wp-content\/uploads\/2025\/03\/2025-03-27-14_48_05-Indian-Food-Cart-\u2013-Best-Indian-Grocery-in-Vietnam.png 1492w\" sizes=\"(max-width: 640px) 100vw, 640px\" \/><\/p>\n<p>+ L\u1ef1a ch\u1ecdn s\u1ea3n ph\u1ea9m v\u00e0 th\u00eam v\u00e0o gi\u1ecf h\u00e0ng<\/p>\n<p><img decoding=\"async\" class=\"alignnone wp-image-9108 size-large\" src=\"https:\/\/www.indianfoodcart.com\/wp-content\/uploads\/2025\/03\/2025-03-27-14_54_16-Ket-qua-tim-kiem-cho-gao-basmati-\u2013-Indian-Food-Cart-\u2013-Best-Indian-Grocery-in-V-1024x576.png\" alt=\"\" width=\"640\" height=\"360\" srcset=\"https:\/\/www.indianfoodcart.com\/vn\/wp-content\/uploads\/2025\/03\/2025-03-27-14_54_16-Ket-qua-tim-kiem-cho-gao-basmati-\u2013-Indian-Food-Cart-\u2013-Best-Indian-Grocery-in-V-1024x576.png 1024w, https:\/\/www.indianfoodcart.com\/vn\/wp-content\/uploads\/2025\/03\/2025-03-27-14_54_16-Ket-qua-tim-kiem-cho-gao-basmati-\u2013-Indian-Food-Cart-\u2013-Best-Indian-Grocery-in-V-300x169.png 300w, https:\/\/www.indianfoodcart.com\/vn\/wp-content\/uploads\/2025\/03\/2025-03-27-14_54_16-Ket-qua-tim-kiem-cho-gao-basmati-\u2013-Indian-Food-Cart-\u2013-Best-Indian-Grocery-in-V-768x432.png 768w, https:\/\/www.indianfoodcart.com\/vn\/wp-content\/uploads\/2025\/03\/2025-03-27-14_54_16-Ket-qua-tim-kiem-cho-gao-basmati-\u2013-Indian-Food-Cart-\u2013-Best-Indian-Grocery-in-V-600x337.png 600w, https:\/\/www.indianfoodcart.com\/vn\/wp-content\/uploads\/2025\/03\/2025-03-27-14_54_16-Ket-qua-tim-kiem-cho-gao-basmati-\u2013-Indian-Food-Cart-\u2013-Best-Indian-Grocery-in-V.png 1337w\" sizes=\"(max-width: 640px) 100vw, 640px\" \/><\/p>\n<p>+ Sau khi th\u00eam s\u1ea3n ph\u1ea9m v\u00e0o gi\u1ecf h\u00e0ng xong Qu\u00fd kh\u00e1ch \u0111\u1ebfn m\u1ee5c gi\u1ecf h\u00e0ng v\u00e0 ti\u1ebfn h\u00e0nh thanh to\u00e1n.<\/p>\n<p><img decoding=\"async\" class=\"alignnone wp-image-9110 size-large\" src=\"https:\/\/www.indianfoodcart.com\/wp-content\/uploads\/2025\/03\/2025-03-27-14_58_39-Cart-\u2013-Indian-Food-Cart-\u2013-Best-Indian-Grocery-in-Vietnam-1024x569.png\" alt=\"\" width=\"640\" height=\"356\" srcset=\"https:\/\/www.indianfoodcart.com\/vn\/wp-content\/uploads\/2025\/03\/2025-03-27-14_58_39-Cart-\u2013-Indian-Food-Cart-\u2013-Best-Indian-Grocery-in-Vietnam-1024x569.png 1024w, https:\/\/www.indianfoodcart.com\/vn\/wp-content\/uploads\/2025\/03\/2025-03-27-14_58_39-Cart-\u2013-Indian-Food-Cart-\u2013-Best-Indian-Grocery-in-Vietnam-300x167.png 300w, https:\/\/www.indianfoodcart.com\/vn\/wp-content\/uploads\/2025\/03\/2025-03-27-14_58_39-Cart-\u2013-Indian-Food-Cart-\u2013-Best-Indian-Grocery-in-Vietnam-768x427.png 768w, https:\/\/www.indianfoodcart.com\/vn\/wp-content\/uploads\/2025\/03\/2025-03-27-14_58_39-Cart-\u2013-Indian-Food-Cart-\u2013-Best-Indian-Grocery-in-Vietnam-1536x853.png 1536w, https:\/\/www.indianfoodcart.com\/vn\/wp-content\/uploads\/2025\/03\/2025-03-27-14_58_39-Cart-\u2013-Indian-Food-Cart-\u2013-Best-Indian-Grocery-in-Vietnam-600x333.png 600w, https:\/\/www.indianfoodcart.com\/vn\/wp-content\/uploads\/2025\/03\/2025-03-27-14_58_39-Cart-\u2013-Indian-Food-Cart-\u2013-Best-Indian-Grocery-in-Vietnam.png 1550w\" sizes=\"(max-width: 640px) 100vw, 640px\" \/><\/p>\n<p>+ T\u1ea1i trang Thanh to\u00e1n Qu\u00fd kh\u00e1ch \u0111i\u1ec1n v\u00e0o th\u00f4ng tin ng\u01b0\u1eddi mua v\u00e0 \u0111\u1ecba ch\u1ec9 nh\u1eadn h\u00e0ng. Sau \u0111\u00f3 nh\u1ea5n n\u00fat \u0110\u1eb7t h\u00e0ng.<\/p>\n<p><img loading=\"lazy\" decoding=\"async\" class=\"alignnone wp-image-9111 size-large\" src=\"https:\/\/www.indianfoodcart.com\/wp-content\/uploads\/2025\/03\/2025-03-27-15_00_55-Checkout-\u2013-Indian-Food-Cart-\u2013-Best-Indian-Grocery-in-Vietnam-1024x760.png\" alt=\"\" width=\"640\" height=\"475\" srcset=\"https:\/\/www.indianfoodcart.com\/vn\/wp-content\/uploads\/2025\/03\/2025-03-27-15_00_55-Checkout-\u2013-Indian-Food-Cart-\u2013-Best-Indian-Grocery-in-Vietnam-1024x760.png 1024w, https:\/\/www.indianfoodcart.com\/vn\/wp-content\/uploads\/2025\/03\/2025-03-27-15_00_55-Checkout-\u2013-Indian-Food-Cart-\u2013-Best-Indian-Grocery-in-Vietnam-300x223.png 300w, https:\/\/www.indianfoodcart.com\/vn\/wp-content\/uploads\/2025\/03\/2025-03-27-15_00_55-Checkout-\u2013-Indian-Food-Cart-\u2013-Best-Indian-Grocery-in-Vietnam-768x570.png 768w, https:\/\/www.indianfoodcart.com\/vn\/wp-content\/uploads\/2025\/03\/2025-03-27-15_00_55-Checkout-\u2013-Indian-Food-Cart-\u2013-Best-Indian-Grocery-in-Vietnam-600x445.png 600w, https:\/\/www.indianfoodcart.com\/vn\/wp-content\/uploads\/2025\/03\/2025-03-27-15_00_55-Checkout-\u2013-Indian-Food-Cart-\u2013-Best-Indian-Grocery-in-Vietnam.png 1522w\" sizes=\"(max-width: 640px) 100vw, 640px\" \/><\/p>\n<p>+ Nh\u00e2n vi\u00ean c\u1ee7a ch\u00fang t\u00f4i s\u1ebd ki\u1ec3m tra \u0111\u01a1n h\u00e0ng v\u00e0 li\u00ean h\u1ec7 l\u1ea1i v\u1edbi Qu\u00fd kh\u00e1ch s\u1edbm nh\u1ea5t \u0111\u1ec3 x\u00e1c nh\u1eadn \u0111\u01a1n h\u00e0ng.<\/p>\n<p>&nbsp;<\/p>\n","protected":false},"excerpt":{"rendered":"<p>H\u01b0\u1edbng D\u1eabn Mua H\u00e0ng I. H\u01b0\u1edbng d\u1eabn mua h\u00e0ng: 1. Mua h\u00e0ng tr\u1ef1c ti\u1ebfp: &#8211; Qu\u00fd kh\u00e1ch \u0111\u1ebfn Showroom theo \u0111\u1ecba ch\u1ec9 nh\u01b0 sau: 27 M\u00ea Linh, Ph\u01b0\u1eddng 19, Qu\u1eadn B\u00ecnh Th\u1ea1nh, Th\u00e0nh Ph\u1ed1 H\u1ed3 Ch\u00ed Minh. &#8211; T\u00ecm hi\u1ec3u, nh\u1eadn t\u01b0 v\u1ea5n v\u00e0 tr\u1ea3i nghi\u1ec7m s\u1ea3n ph\u1ea9m tr\u1ef1c ti\u1ebfp. &#8211; Quy\u1ebft \u0111\u1ecbnh l\u1ef1a ch\u1ecdn [&hellip;]<\/p>\n","protected":false},"author":1,"featured_media":0,"parent":0,"menu_order":0,"comment_status":"closed","ping_status":"closed","template":"","meta":{"footnotes":""},"class_list":["post-9103","page","type-page","status-publish","hentry"],"_links":{"self":[{"href":"https:\/\/www.indianfoodcart.com\/vn\/wp-json\/wp\/v2\/pages\/9103","targetHints":{"allow":["GET"]}}],"collection":[{"href":"https:\/\/www.indianfoodcart.com\/vn\/wp-json\/wp\/v2\/pages"}],"about":[{"href":"https:\/\/www.indianfoodcart.com\/vn\/wp-json\/wp\/v2\/types\/page"}],"author":[{"embeddable":true,"href":"https:\/\/www.indianfoodcart.com\/vn\/wp-json\/wp\/v2\/users\/1"}],"replies":[{"embeddable":true,"href":"https:\/\/www.indianfoodcart.com\/vn\/wp-json\/wp\/v2\/comments?post=9103"}],"version-history":[{"count":9,"href":"https:\/\/www.indianfoodcart.com\/vn\/wp-json\/wp\/v2\/pages\/9103\/revisions"}],"predecessor-version":[{"id":9128,"href":"https:\/\/www.indianfoodcart.com\/vn\/wp-json\/wp\/v2\/pages\/9103\/revisions\/9128"}],"wp:attachment":[{"href":"https:\/\/www.indianfoodcart.com\/vn\/wp-json\/wp\/v2\/media?parent=9103"}],"curies":[{"name":"wp","href":"https:\/\/api.w.org\/{rel}","templated":true}]}}