{"id":8983,"date":"2025-01-16T17:05:17","date_gmt":"2025-01-16T10:05:17","guid":{"rendered":"https:\/\/www.indianfoodcart.com\/?page_id=8983"},"modified":"2025-01-16T17:05:17","modified_gmt":"2025-01-16T10:05:17","slug":"bao-hanh-doi-tra","status":"publish","type":"page","link":"https:\/\/www.indianfoodcart.com\/vn\/bao-hanh-doi-tra\/","title":{"rendered":"B\u1ea3o H\u00e0nh &#038; \u0110\u1ed5i Tr\u1ea3"},"content":{"rendered":"<p><span data-darkreader-inline-color=\"\"><strong>B\u1ea2O H\u00c0NH &amp; \u0110\u1ed4I TR\u1ea2 S\u1ea2N PH\u1ea8M:<\/strong><\/span><br \/>\n<span data-darkreader-inline-color=\"\"><strong>L\u00fd do ch\u1ea5p nh\u1eadn \u0111\u1ed5i tr\u1ea3:<\/strong><\/span><br \/>\n<span data-darkreader-inline-color=\"\">Ch\u1ec9 \u00e1p d\u1ee5ng tr\u1ea3 s\u1ea3n ph\u1ea9m trong tr\u01b0\u1eddng h\u1ee3p kh\u00e1ch nh\u1eadn s\u1ea3n ph\u1ea9m kh\u00f4ng \u0111\u00fang so v\u1edbi \u0111\u01a1n \u0111\u1eb7t h\u00e0ng, ho\u1eb7c l\u1ed7i s\u1ea3n ph\u1ea9m thu\u1ed9c v\u1ec1 ph\u00eda IndianFoodCart .<\/span><br \/>\n<span data-darkreader-inline-color=\"\">Sai s\u00f3t v\u1ec1 s\u1ed1 l\u01b0\u1ee3ng, th\u00f4ng tin, m\u1eabu m\u00e3 so v\u1edbi \u0111\u01a1n \u0111\u1eb7t h\u00e0ng<\/span><\/p>\n<p><span data-darkreader-inline-color=\"\">L\u1ed7i h\u00ecnh th\u1ee9c: bi\u1ebfn d\u1ea1ng, tr\u1ea7y x\u01b0\u1edbc, v\u1ea5y b\u1ea9n, n\u1ee9t v\u1ee1.<\/span><br \/>\n<span data-darkreader-inline-color=\"\">L\u1ed7i do nh\u00e0 s\u1ea3n xu\u1ea5t<\/span><br \/>\n<span data-darkreader-inline-color=\"\">\u0110i\u1ec1u ki\u1ec7n ch\u1ea5p nh\u1eadn \u0111\u1ed5i tr\u1ea3:<\/span><br \/>\n<span data-darkreader-inline-color=\"\">Kh\u00e1ch h\u00e0ng c\u1ea7n cung c\u1ea5p h\u00ecnh \u1ea3nh s\u1ea3n ph\u1ea9m c\u1ea7n \u0111\u1ed5i tr\u1ea3 \u0111\u1ec3 IndianFoodCart ki\u1ec3m tra, x\u00e1c minh v\u00e0 x\u00e9t duy\u1ec7t \u0111\u1ed5i tr\u1ea3.<\/span><br \/>\n<span data-darkreader-inline-color=\"\">S\u1ea3n ph\u1ea9m b\u1ecb h\u01b0 h\u1ecfng hay c\u00f3 khuy\u1ebft \u0111i\u1ec3m t\u1eeb IndianFoodCart.<\/span><br \/>\n<span data-darkreader-inline-color=\"\">Th\u1ef1c hi\u1ec7n trong v\u00f2ng 24 gi\u1edd k\u1ec3 t\u1eeb l\u00fac mua h\u00e0ng.<\/span><br \/>\n<span data-darkreader-inline-color=\"\">Khi \u0111\u1ed5i\/tr\u1ea3 y\u00eau c\u1ea7u ph\u1ea3i k\u00e8m theo h\u00e0ng h\u00f3a v\u00e0 h\u00f3a \u0111\u01a1n mua h\u00e0ng.<\/span><br \/>\n<span data-darkreader-inline-color=\"\">S\u1ea3n ph\u1ea9m ch\u01b0a qua s\u1eed d\u1ee5ng v\u00e0 v\u1eabn c\u00f2n tem b\u1ea3o \u0111\u1ea3m.<\/span><br \/>\n<span data-darkreader-inline-color=\"\">Ch\u1ec9 ch\u1ea5p nh\u1eadn \u0111\u1ed5i tr\u1ea3 h\u00e0ng h\u00f3a t\u1ea1i c\u1eeda h\u00e0ng online m\u00e0 b\u1ea1n \u0111\u00e3 \u0111\u1eb7t h\u00e0ng, kh\u00f4ng th\u1ec3 mua \u1edf m\u1ed9t c\u1eeda h\u00e0ng v\u00e0 l\u1ea1i tr\u1ea3 h\u00e0ng t\u1ea1i c\u1eeda h\u00e0ng IndianFoodCart kh\u00e1c<\/span><br \/>\n<span data-darkreader-inline-color=\"\"><strong>Tr\u01b0\u1eddng h\u1ee3p kh\u00f4ng ch\u1ea5p nh\u1eadn \u0111\u1ed5i tr\u1ea3:<\/strong><\/span><br \/>\n<span data-darkreader-inline-color=\"\">V\u00ec l\u00fd do an to\u00e0n v\u1ec7 sinh th\u1ef1c ph\u1ea9m, ch\u00fang t\u00f4i kh\u00f4ng ch\u1ea5p nh\u1eadn \u0111\u1ed5i tr\u1ea3: c\u00e1c m\u1eb7t h\u00e0ng t\u01b0\u01a1i s\u1ed1ng, r\u01b0\u1ee3u m\u1ea1nh ho\u1eb7c h\u00e0ng h\u00f3a \u0111\u01b0\u1ee3c khuy\u1ebfn m\u00e3i d\u01b0\u1edbi b\u1ea5t k\u1ef3 h\u00ecnh th\u1ee9c n\u00e0o.<\/span><br \/>\n<span data-darkreader-inline-color=\"\">S\u1ea3n ph\u1ea9m h\u01b0 h\u1ecfng, ch\u1ea5t l\u01b0\u1ee3ng k\u00e9m do kh\u00e1ch h\u00e0ng b\u1ea3o qu\u1ea3n kh\u00f4ng \u0111\u00fang c\u00e1ch<\/span><br \/>\n<span data-darkreader-inline-color=\"\">S\u1ea3n ph\u1ea9m \u0111\u00e3 b\u1ecb b\u00f3c nh\u00e3n tem, chai r\u01b0\u1ee3u b\u1ecb n\u1ee9t m\u1ebb kh\u00f4ng c\u00f2n gi\u1eef nguy\u00ean h\u00ecnh th\u00e1i ban \u0111\u1ea7u.<\/span><br \/>\n<span data-darkreader-inline-color=\"\">S\u1ea3n ph\u1ea9m \u0111\u00e3 qu\u00e1 th\u1eddi h\u1ea1n th\u00f4ng b\u00e1o v\u00e0 cho ph\u00e9p \u0111\u1ed5i tr\u1ea3<\/span><br \/>\n<span data-darkreader-inline-color=\"\">Kh\u00e1ch h\u00e0ng kh\u00f4ng th\u00edch s\u1ea3n ph\u1ea9m, tr\u1eeb tr\u01b0\u1eddng h\u1ee3p c\u00f3 quy \u0111\u1ecbnh \u01b0u ti\u00ean kh\u00e1c.<\/span><br \/>\n<span data-darkreader-inline-color=\"\"><strong>Th\u1eddi gian th\u00f4ng b\u00e1o h\u1ed7 tr\u1ee3:<\/strong><\/span><br \/>\n<span data-darkreader-inline-color=\"\">Kh\u00e1ch h\u00e0ng \u0111\u1ed3ng \u00fd r\u1eb1ng, s\u1ea3n ph\u1ea9m ph\u1ea3i \u0111\u01b0\u1ee3c ki\u1ec3m tra k\u1ef9 v\u1ec1 h\u00ecnh th\u1ee9c v\u00e0 s\u1ed1 l\u01b0\u1ee3ng khi nh\u00e2n vi\u00ean ho\u1eb7c d\u1ecbch v\u1ee5 giao h\u00e0ng \u0111\u1ebfn. Kh\u00e1ch h\u00e0ng c\u00f3 quy\u1ec1n t\u1eeb ch\u1ed1i nh\u1eadn s\u1ea3n ph\u1ea9m n\u1ebfu th\u1ea5y sai s\u00f3t t\u1eeb ph\u00eda IndianFoodCart, v\u00e0 th\u00f4ng b\u00e1o \u0111\u1ebfn IndianFoodCart trong v\u00f2ng 24 gi\u1edd \u0111\u1ec3 \u0111\u01b0\u1ee3c h\u1ed7 tr\u1ee3 x\u1eed l\u00fd, ho\u00e0n tr\u1ea3, \u0111\u1ed5i ho\u1eb7c ho\u00e0n ti\u1ec1n.<\/span><br \/>\n<span data-darkreader-inline-color=\"\">V\u00ec \u0111\u1eb7c th\u00f9 s\u1ea3n ph\u1ea9m, m\u1ed9t khi kh\u00e1ch h\u00e0ng k\u00fd x\u00e1c th\u1ef1c nh\u1eadn s\u1ea3n ph\u1ea9m, kh\u00e1ch h\u00e0ng \u0111\u1ed3ng \u00fd r\u1eb1ng s\u1ea3n ph\u1ea9m s\u1ebd kh\u00f4ng \u0111\u01b0\u1ee3c \u0111\u1ed5i tr\u1ea3 s\u1ea3n ph\u1ea9m.<\/span><br \/>\n<span data-darkreader-inline-color=\"\"><strong>Quy tr\u00ecnh x\u1eed l\u00fd \u0111\u1ed5i tr\u1ea3:<\/strong><\/span><br \/>\n<span data-darkreader-inline-color=\"\">Qu\u00fd kh\u00e1ch \u0111\u1ed5i\/tr\u1ea3 h\u00e0ng t\u1ea1i \u0111\u00fang c\u1eeda h\u00e0ng IndianFoodCart m\u00e0 qu\u00fd kh\u00e1ch \u0111\u00e3 mua.<\/span><br \/>\n<span data-darkreader-inline-color=\"\">Kh\u00e1ch h\u00e0ng c\u00f3 th\u1ec3 mang s\u1ea3n ph\u1ea9m t\u1edbi c\u1eeda h\u00e0ng \u0111\u1ec3 ti\u1ebfn h\u00e0nh x\u00e1c minh t\u00ecnh tr\u1ea1ng.<\/span><br \/>\n<span data-darkreader-inline-color=\"\">Th\u1eddi gian x\u1eed l\u00fd giao d\u1ecbch \u0111\u1ed5i h\u00e0ng trong v\u00f2ng 2-5 ng\u00e0y l\u00e0m vi\u1ec7c k\u1ec3 t\u1eeb ng\u00e0y nh\u1eadn \u0111\u01b0\u1ee3c y\u00eau c\u1ea7u \u0111\u1ed5i tr\u1ea3 v\u00e0 x\u00e1c minh t\u00ecnh tr\u1ea1ng s\u1ea3n ph\u1ea9m.<\/span><br \/>\n<span data-darkreader-inline-color=\"\">H\u00e0ng d\u00f9ng \u0111\u1ec3 \u0111\u1ed5i s\u1ebd c\u00f9ng lo\u1ea1i ho\u1eb7c s\u1ebd \u0111\u01b0\u1ee3c thay th\u1ebf b\u1eb1ng c\u00e1c m\u1eb7t h\u00e0ng kh\u00e1c c\u00f3 gi\u00e1 tr\u1ecb t\u01b0\u01a1ng \u0111\u01b0\u01a1ng ho\u1eb7c cao h\u01a1n gi\u00e1 tr\u1ecb s\u1ea3n ph\u1ea9m \u0111\u00e3 mua tr\u01b0\u1edbc \u0111\u00f3.<\/span><br \/>\n<span data-darkreader-inline-color=\"\">N\u1ebfu s\u1ea3n ph\u1ea9m \u0111\u01b0\u1ee3c ch\u1ea5p nh\u1eadn cho \u0111\u1ed5i tr\u1ea3, kh\u00e1ch h\u00e0ng vui l\u00f2ng \u0111\u1eb7t m\u1ed9t \u0111\u01a1n h\u00e0ng m\u1edbi tr\u00ean website v\u1edbi s\u1ea3n ph\u1ea9m c\u1ea7n \u0111\u1ed5i v\u00e0 ti\u1ebfn h\u00e0nh thanh to\u00e1n.<\/span><br \/>\n<span data-darkreader-inline-color=\"\"><strong>Ho\u00e0n ti\u1ec1n:<\/strong><\/span><br \/>\n<span data-darkreader-inline-color=\"\">Th\u1eddi gian x\u1eed l\u00fd ho\u00e0n ti\u1ec1n (n\u1ebfu c\u00f3) tu\u1ef3 thu\u1ed9c v\u00e0o th\u1eddi gian x\u1eed l\u00fd c\u1ee7a \u0111\u01a1n v\u1ecb c\u1ed5ng thanh to\u00e1n v\u00e0 ng\u00e2n h\u00e0ng thanh to\u00e1n. Th\u00f4ng th\u01b0\u1eddng s\u1ebd k\u00e9o d\u00e0i t\u1eeb 5-7 ng\u00e0y l\u00e0m vi\u1ec7c, ho\u1eb7c l\u00ean \u0111\u1ebfn 45 ng\u00e0y l\u00e0m vi\u1ec7c tu\u1ef3 v\u00e0o th\u1ebb thanh to\u00e1n n\u1ed9i \u0111\u1ecba hay qu\u1ed1c t\u1ebf, v\u00e0 t\u00ednh t\u1eeb ng\u00e0y nh\u1eadn \u0111\u01b0\u1ee3c y\u00eau c\u1ea7u c\u1ee7a kh\u00e1ch h\u00e0ng.<\/span><br \/>\n<span data-darkreader-inline-color=\"\">Tr\u01b0\u1eddng h\u1ee3p ho\u00e0n ti\u1ec1n v\u00e0o th\u1ebb ng\u00e2n h\u00e0ng n\u01b0\u1edbc ngo\u00e0i, t\u1ef7 gi\u00e1 v\u00e0 ph\u00ed c\u00f3 th\u1ec3 \u0111\u01b0\u1ee3c \u00e1p d\u1ee5ng t\u1ea1i th\u1eddi \u0111i\u1ec3m ho\u00e0n ti\u1ec1n v\u00e0 theo quy \u0111\u1ecbnh c\u1ee7a ng\u00e2n h\u00e0ng.<\/span><br \/>\n<span data-darkreader-inline-color=\"\">Kh\u00e1ch h\u00e0ng nh\u1eadn \u0111\u01b0\u1ee3c kho\u1ea3n ho\u00e0n ti\u1ec1n trong tr\u01b0\u1eddng h\u1ee3p kh\u00e1ch h\u00e0ng hu\u1ef7 \u0111\u01a1n sai quy \u0111\u1ecbnh v\u00e0 theo ch\u00ednh s\u00e1ch c\u1ee7a IndianFoodCart .<\/span><\/p>\n<p><span data-darkreader-inline-color=\"\"><strong>\u2013 Kh\u00e1ch h\u00e0ng mang s\u1ea3n ph\u1ea9m k\u00e8m h\u00f3a \u0111\u01a1n mua h\u00e0ng c\u00f3 s\u1ea3n ph\u1ea9m \u0111\u1ebfn t\u1ea1i \u0111\u1ecba ch\u1ec9: 27 M\u00ea Linh, P.19, Qu\u1eadn B\u00ecnh Th\u1ea1nh, TP. HCM \u0111\u1ec3 \u0111\u01b0\u1ee3c gi\u1ea3i quy\u1ebft vi\u1ec7c \u0111\u1ed5i tr\u1ea3.<\/strong><\/span><br \/>\n<span data-darkreader-inline-color=\"\"><strong>\u2013 Trong tr\u01b0\u1eddng h\u1ee3p c\u00f3 c\u00e1c khi\u1ebfu n\u1ea1i kh\u00e1c, kh\u00e1ch h\u00e0ng vui l\u00f2ng li\u00ean h\u1ec7 hotline: 0932020227 \u0111\u1ec3 \u0111\u01b0\u1ee3c h\u1ed7 tr\u1ee3 t\u1ed1t nh\u1ea5t.<\/strong><\/span><\/p>\n","protected":false},"excerpt":{"rendered":"<p>B\u1ea2O H\u00c0NH &amp; \u0110\u1ed4I TR\u1ea2 S\u1ea2N PH\u1ea8M: L\u00fd do ch\u1ea5p nh\u1eadn \u0111\u1ed5i tr\u1ea3: Ch\u1ec9 \u00e1p d\u1ee5ng tr\u1ea3 s\u1ea3n ph\u1ea9m trong tr\u01b0\u1eddng h\u1ee3p kh\u00e1ch nh\u1eadn s\u1ea3n ph\u1ea9m kh\u00f4ng \u0111\u00fang so v\u1edbi \u0111\u01a1n \u0111\u1eb7t h\u00e0ng, ho\u1eb7c l\u1ed7i s\u1ea3n ph\u1ea9m thu\u1ed9c v\u1ec1 ph\u00eda IndianFoodCart . Sai s\u00f3t v\u1ec1 s\u1ed1 l\u01b0\u1ee3ng, th\u00f4ng tin, m\u1eabu m\u00e3 so v\u1edbi \u0111\u01a1n \u0111\u1eb7t [&hellip;]<\/p>\n","protected":false},"author":1,"featured_media":0,"parent":0,"menu_order":0,"comment_status":"closed","ping_status":"closed","template":"","meta":{"footnotes":""},"class_list":["post-8983","page","type-page","status-publish","hentry"],"_links":{"self":[{"href":"https:\/\/www.indianfoodcart.com\/vn\/wp-json\/wp\/v2\/pages\/8983","targetHints":{"allow":["GET"]}}],"collection":[{"href":"https:\/\/www.indianfoodcart.com\/vn\/wp-json\/wp\/v2\/pages"}],"about":[{"href":"https:\/\/www.indianfoodcart.com\/vn\/wp-json\/wp\/v2\/types\/page"}],"author":[{"embeddable":true,"href":"https:\/\/www.indianfoodcart.com\/vn\/wp-json\/wp\/v2\/users\/1"}],"replies":[{"embeddable":true,"href":"https:\/\/www.indianfoodcart.com\/vn\/wp-json\/wp\/v2\/comments?post=8983"}],"version-history":[{"count":1,"href":"https:\/\/www.indianfoodcart.com\/vn\/wp-json\/wp\/v2\/pages\/8983\/revisions"}],"predecessor-version":[{"id":8984,"href":"https:\/\/www.indianfoodcart.com\/vn\/wp-json\/wp\/v2\/pages\/8983\/revisions\/8984"}],"wp:attachment":[{"href":"https:\/\/www.indianfoodcart.com\/vn\/wp-json\/wp\/v2\/media?parent=8983"}],"curies":[{"name":"wp","href":"https:\/\/api.w.org\/{rel}","templated":true}]}}