{"id":8845,"date":"2025-01-11T17:41:27","date_gmt":"2025-01-11T10:41:27","guid":{"rendered":"http:\/\/localhost\/?page_id=8845"},"modified":"2025-03-18T15:15:56","modified_gmt":"2025-03-18T08:15:56","slug":"phan-dinh-trach-nhiem","status":"publish","type":"page","link":"https:\/\/www.indianfoodcart.com\/vn\/phan-dinh-trach-nhiem\/","title":{"rendered":"Ph\u00e2n \u0111\u1ecbnh tr\u00e1ch nhi\u1ec7m c\u1ee7a th\u01b0\u01a1ng nh\u00e2n, t\u1ed5 ch\u1ee9c cung \u1ee9ng d\u1ecbch v\u1ee5 logistics v\u1ec1 cung c\u1ea5p ch\u1ee9ng t\u1eeb h\u00e0ng h\u00f3a trong qu\u00e1 tr\u00ecnh giao nh\u1eadn"},"content":{"rendered":"<p><strong>Ph\u00e2n \u0111\u1ecbnh tr\u00e1ch nhi\u1ec7m c\u1ee7a th\u01b0\u01a1ng nh\u00e2n, t\u1ed5 ch\u1ee9c cung \u1ee9ng d\u1ecbch v\u1ee5 logistics v\u1ec1 cung c\u1ea5p ch\u1ee9ng t\u1eeb h\u00e0ng h\u00f3a trong qu\u00e1 tr\u00ecnh giao nh\u1eadn<\/strong><\/p>\n<p><strong>I. Gi\u1edbi thi\u1ec7u:<\/strong><br \/>\nB\u00ean v\u1eadn chuy\u1ec3n \u0111\u01b0\u1ee3c hi\u1ec3u l\u00e0 c\u00e1c \u0111\u01a1n v\u1ecb v\u1eadn chuy\u1ec3n trung gian h\u1ee3p t\u00e1c v\u1edbi C\u00f4ng ty TNHH To\u00e0n C\u1ea7u Pans (L\u00e0 ch\u1ee7 s\u1edf h\u1eefu website www.indianfoodcart.com) \u0111\u1ec3 v\u1eadn chuy\u1ec3n s\u1ea3n ph\u1ea9m, h\u00e0ng h\u00f3a (sau \u0111\u00e2y g\u1ecdi chung l\u00e0 t\u00e0i s\u1ea3n) \u0111\u01b0\u1ee3c b\u00e1n b\u1edfi C\u00f4ng ty TNHH To\u00e0n C\u1ea7u Pans (Sau \u0111\u00e2y g\u1ecdi l\u00e0 B\u00ean thu\u00ea v\u1eadn chuy\u1ec3n) t\u1edbi tay kh\u00e1ch h\u00e0ng nh\u01b0 Viettelpost, EMS \u2026 (Sau \u0111\u00e2y g\u1ecdi chung l\u00e0 B\u00ean v\u1eadn chuy\u1ec3n).<\/p>\n<p>B\u00ean thu\u00ea v\u1eadn chuy\u1ec3n &amp; B\u00ean v\u1eadn chuy\u1ec3n s\u1ebd c\u00f3 c\u00e1c quy\u1ec1n, ngh\u0129a v\u1ee5 \u0111\u01b0\u1ee3c quy \u0111\u1ecbnh c\u1ee5 th\u1ec3 sau \u0111\u00e2y.<\/p>\n<p><strong>II. B\u00ean v\u1eadn chuy\u1ec3n:<\/strong><br \/>\n1. Vai tr\u00f2: B\u00ean v\u1eadn chuy\u1ec3n ch\u1ecbu tr\u00e1ch nhi\u1ec7m v\u1eadn chuy\u1ec3n t\u00e0i s\u1ea3n t\u1eeb kho\/c\u1eeda h\u00e0ng c\u1ee7a B\u00ean thu\u00ea v\u1eadn chuy\u1ec3n \u0111\u1ebfn nh\u00e0 kh\u00e1ch h\u00e0ng.<\/p>\n<p>2. Ngh\u0129a v\u1ee5:<br \/>\n&#8211; \u0110\u1ea3m b\u1ea3o v\u1eadn chuy\u1ec3n t\u00e0i s\u1ea3n \u0111\u1ea7y \u0111\u1ee7, an to\u00e0n v\u00e0 \u0111\u00fang th\u1eddi h\u1ea1n.<\/p>\n<p>&#8211; B\u00e0n giao t\u00e0i s\u1ea3n \u0111\u00fang ng\u01b0\u1eddi c\u00f3 th\u1ea9m quy\u1ec1n nh\u1eadn.<\/p>\n<p>&#8211; Ch\u1ecbu c\u00e1c chi ph\u00ed trong qu\u00e1 tr\u00ecnh v\u1eadn chuy\u1ec3n (Tr\u1eeb tr\u01b0\u1eddng h\u1ee3p c\u00f3 th\u1ecfa thu\u1eadn kh\u00e1c).<\/p>\n<p>&#8211; Mua b\u1ea3o hi\u1ec3m tr\u00e1ch nhi\u1ec7m d\u00e2n s\u1ef1 theo quy \u0111\u1ecbnh c\u1ee7a ph\u00e1p lu\u1eadt.<\/p>\n<p>&#8211; B\u1ed3i th\u01b0\u1eddng thi\u1ec7t h\u1ea1i cho B\u00ean thu\u00ea v\u1eadn chuy\u1ec3n n\u1ebfu t\u00e0i s\u1ea3n b\u1ecb m\u1ea5t m\u00e1t, h\u01b0 h\u1ecfng (Tr\u1eeb c\u00e1c tr\u01b0\u1eddng h\u1ee3p mi\u1ec5n tr\u1eeb theo quy \u0111\u1ecbnh ph\u00e1p lu\u1eadt)<\/p>\n<p><strong>3. Quy\u1ec1n h\u1ea1n:<\/strong><\/p>\n<p>&#8211; Ki\u1ec3m tra t\u00ednh x\u00e1c th\u1ef1c c\u1ee7a t\u00e0i s\u1ea3n, v\u1eadn \u0111\u01a1n, ch\u1ee9ng t\u1eeb v\u1eadn chuy\u1ec3n.<\/p>\n<p>&#8211; T\u1eeb ch\u1ed1i v\u1eadn chuy\u1ec3n t\u00e0i s\u1ea3n kh\u00f4ng \u0111\u00fang theo h\u1ee3p \u0111\u1ed3ng v\u1eadn chuy\u1ec3n.<\/p>\n<p>&#8211; Y\u00eau c\u1ea7u thanh to\u00e1n c\u01b0\u1edbc ph\u00ed \u0111\u1ea7y \u0111\u1ee7, \u0111\u00fang h\u1ea1n.<\/p>\n<p>&#8211; C\u00f3 quy\u1ec1n t\u1eeb ch\u1ed1i v\u1eadn chuy\u1ec3n t\u00e0i s\u1ea3n b\u1ecb c\u1ea5m, nguy hi\u1ec3m, \u0111\u1ed9c h\u1ea1i \u2026<\/p>\n<p><strong>III. B\u00ean thu\u00ea v\u1eadn chuy\u1ec3n:<\/strong><br \/>\n1. Vai tr\u00f2: B\u00e0n giao t\u00e0i s\u1ea3n cho B\u00ean v\u1eadn chuy\u1ec3n v\u00e0 thanh to\u00e1n c\u01b0\u1edbc ph\u00ed cho B\u00ean v\u1eadn chuy\u1ec3n.<\/p>\n<p>2. Ngh\u0129a v\u1ee5:<\/p>\n<p>&#8211; Thanh to\u00e1n \u0111\u1ea7y \u0111\u1ee7 c\u01b0\u1edbc ph\u00ed theo \u0111\u00fang th\u1eddi h\u1ea1n v\u00e0 ph\u01b0\u01a1ng th\u1ee9c thanh to\u00e1n \u0111\u00e3 th\u1ecfa thu\u1eadn.<\/p>\n<p>&#8211; Cung c\u1ea5p \u0111\u1ea7y \u0111\u1ee7 c\u00e1c th\u00f4ng tin c\u1ea7n thi\u1ebft li\u00ean quan \u0111\u1ebfn t\u00e0i s\u1ea3n \u0111\u1ec3 b\u1ea3o \u0111\u1ea3m an to\u00e0n khi v\u1eadn chuy\u1ec3n.<\/p>\n<p>&#8211; T\u1ef1 b\u1ea3o qu\u1ea3n t\u00e0i s\u1ea3n tr\u00ean \u0111\u01b0\u1eddng v\u1eadn chuy\u1ec3n, n\u1ebfu c\u00f3 th\u1ecfa thu\u1eadn (Trong tr\u01b0\u1eddng h\u1ee3p n\u00e0y th\u00ec t\u00e0i s\u1ea3n b\u1ecb m\u1ea5t, h\u01b0 h\u1ecfng s\u1ebd kh\u00f4ng \u0111\u01b0\u1ee3c b\u1ed3i th\u01b0\u1eddng).<\/p>\n<p>&#8211; Cung c\u1ea5p \u0111\u1ea7y \u0111\u1ee7 h\u00f3a \u0111\u01a1n b\u00e1n h\u00e0ng t\u1edbi ng\u01b0\u1eddi mua h\u00e0ng.<\/p>\n<p>3. Quy\u1ec1n h\u1ea1n:<\/p>\n<p>&#8211; Y\u00eau c\u1ea7u B\u00ean v\u1eadn chuy\u1ec3n v\u1eadn chuy\u1ec3n t\u00e0i s\u1ea3n \u0111\u1ebfn \u0111\u00fang n\u01a1i, \u0111\u00fang h\u1ea1n.<\/p>\n<p>&#8211; B\u00e0n giao t\u00e0i s\u1ea3n tr\u1ef1c ti\u1ebfp ho\u1eb7c \u1ee7y quy\u1ec1n cho ng\u01b0\u1eddi kh\u00e1c.<\/p>\n<p><strong>IV. Tr\u00e1ch nhi\u1ec7m b\u1ed3i th\u01b0\u1eddng thi\u1ec7t h\u1ea1i:<\/strong><br \/>\n&#8211; B\u00ean v\u1eadn chuy\u1ec3n ph\u1ea3i b\u1ed3i th\u01b0\u1eddng cho B\u00ean thu\u00ea v\u1eadn chuy\u1ec3n n\u1ebfu t\u00e0i s\u1ea3n b\u1ecb m\u1ea5t, h\u01b0 h\u1ecfng (tr\u1eeb tr\u01b0\u1eddng h\u1ee3p mi\u1ec5n tr\u1eeb).<\/p>\n<p>&#8211; B\u00ean thu\u00ea v\u1eadn chuy\u1ec3n ph\u1ea3i b\u1ed3i th\u01b0\u1eddng cho b\u00ean v\u1eadn chuy\u1ec3n v\u00e0 b\u00ean th\u1ee9 ba n\u1ebfu t\u00e0i s\u1ea3n nguy hi\u1ec3m, \u0111\u1ed9c h\u1ea1i kh\u00f4ng \u0111\u01b0\u1ee3c \u0111\u00f3ng g\u00f3i, b\u1ea3o \u0111\u1ea3m an to\u00e0n.<\/p>\n<p>&#8211; Trong tr\u01b0\u1eddng h\u1ee3p b\u1ea5t kh\u1ea3 kh\u00e1ng d\u1eabn \u0111\u1ebfn t\u00e0i s\u1ea3n v\u1eadn chuy\u1ec3n b\u1ecb m\u1ea5t, h\u01b0 h\u1ecfng ho\u1eb7c b\u1ecb h\u1ee7y ho\u1ea1i trong qu\u00e1 tr\u00ecnh v\u1eadn chuy\u1ec3n th\u00ec B\u00ean v\u1eadn chuy\u1ec3n kh\u00f4ng ph\u1ea3i ch\u1ecbu tr\u00e1ch nhi\u1ec7m b\u1ed3i th\u01b0\u1eddng thi\u1ec7t h\u1ea1i, tr\u1eeb tr\u01b0\u1eddng h\u1ee3p c\u00f3 th\u1ecfa thu\u1eadn kh\u00e1c ho\u1eb7c ph\u00e1p lu\u1eadt c\u00f3 quy \u0111\u1ecbnh kh\u00e1c.<\/p>\n<p>L\u01b0u \u00fd:<\/p>\n<p>&#8211; T\u00f3m t\u1eaft n\u00e0y ch\u1ec9 th\u1ec3 hi\u1ec7n c\u00e1c \u0111i\u1ec3m ch\u00ednh, m\u1ecdi chi ti\u1ebft tham kh\u1ea3o h\u1ee3p \u0111\u1ed3ng v\u00e0 theo quy \u0111\u1ecbnh c\u1ee7a ph\u00e1p lu\u1eadt.<\/p>\n<p>&#8211; M\u1ed9t s\u1ed1 tr\u01b0\u1eddng h\u1ee3p c\u00f3 th\u1ec3 c\u00f3 quy \u0111\u1ecbnh \u0111\u1eb7c bi\u1ec7t v\u1ec1 ngh\u0129a v\u1ee5 v\u00e0 quy\u1ec1n h\u1ea1n c\u1ee7a hai b\u00ean theo th\u1ecfa thu\u1eadn.<\/p>\n<p>&#8211; Kh\u00e1ch h\u00e0ng (L\u00e0 B\u00ean nh\u1eadn) c\u00f3 quy\u1ec1n t\u1eeb ch\u1ed1i nh\u1eadn t\u00e0i s\u1ea3n n\u1ebfu B\u00ean v\u1eadn chuy\u1ec3n giao kh\u00f4ng \u0111\u00fang th\u1eddi h\u1ea1n sau khi nh\u1eadn th\u00f4ng b\u00e1o t\u1eeb B\u00ean v\u1eadn chuy\u1ec3n ho\u1eb7c theo M\u1ee5c IV &#8211; Ch\u00ednh s\u00e1ch ki\u1ec3m h\u00e0ng c\u1ee7a Ch\u00ednh s\u00e1ch Giao nh\u1eadn &amp; V\u1eadn chuy\u1ec3n.<\/p>\n","protected":false},"excerpt":{"rendered":"<p>Ph\u00e2n \u0111\u1ecbnh tr\u00e1ch nhi\u1ec7m c\u1ee7a th\u01b0\u01a1ng nh\u00e2n, t\u1ed5 ch\u1ee9c cung \u1ee9ng d\u1ecbch v\u1ee5 logistics v\u1ec1 cung c\u1ea5p ch\u1ee9ng t\u1eeb h\u00e0ng h\u00f3a trong qu\u00e1 tr\u00ecnh giao nh\u1eadn I. Gi\u1edbi thi\u1ec7u: B\u00ean v\u1eadn chuy\u1ec3n \u0111\u01b0\u1ee3c hi\u1ec3u l\u00e0 c\u00e1c \u0111\u01a1n v\u1ecb v\u1eadn chuy\u1ec3n trung gian h\u1ee3p t\u00e1c v\u1edbi C\u00f4ng ty TNHH To\u00e0n C\u1ea7u Pans (L\u00e0 ch\u1ee7 s\u1edf h\u1eefu [&hellip;]<\/p>\n","protected":false},"author":1,"featured_media":0,"parent":0,"menu_order":0,"comment_status":"closed","ping_status":"closed","template":"","meta":{"footnotes":""},"class_list":["post-8845","page","type-page","status-publish","hentry"],"_links":{"self":[{"href":"https:\/\/www.indianfoodcart.com\/vn\/wp-json\/wp\/v2\/pages\/8845","targetHints":{"allow":["GET"]}}],"collection":[{"href":"https:\/\/www.indianfoodcart.com\/vn\/wp-json\/wp\/v2\/pages"}],"about":[{"href":"https:\/\/www.indianfoodcart.com\/vn\/wp-json\/wp\/v2\/types\/page"}],"author":[{"embeddable":true,"href":"https:\/\/www.indianfoodcart.com\/vn\/wp-json\/wp\/v2\/users\/1"}],"replies":[{"embeddable":true,"href":"https:\/\/www.indianfoodcart.com\/vn\/wp-json\/wp\/v2\/comments?post=8845"}],"version-history":[{"count":14,"href":"https:\/\/www.indianfoodcart.com\/vn\/wp-json\/wp\/v2\/pages\/8845\/revisions"}],"predecessor-version":[{"id":9077,"href":"https:\/\/www.indianfoodcart.com\/vn\/wp-json\/wp\/v2\/pages\/8845\/revisions\/9077"}],"wp:attachment":[{"href":"https:\/\/www.indianfoodcart.com\/vn\/wp-json\/wp\/v2\/media?parent=8845"}],"curies":[{"name":"wp","href":"https:\/\/api.w.org\/{rel}","templated":true}]}}