{"id":8843,"date":"2025-01-11T17:40:28","date_gmt":"2025-01-11T10:40:28","guid":{"rendered":"http:\/\/localhost\/?page_id=8843"},"modified":"2025-01-12T12:59:28","modified_gmt":"2025-01-12T05:59:28","slug":"chinh-sach-bao-mat","status":"publish","type":"page","link":"https:\/\/www.indianfoodcart.com\/vn\/chinh-sach-bao-mat\/","title":{"rendered":"Ch\u00ednh s\u00e1ch &#038; B\u1ea3o m\u1eadt"},"content":{"rendered":"<p><strong>NGUY\u00caN T\u1eaeC V\u00c0 QUY \u0110\u1ecaNH CHUNG:<\/strong><br \/>\nTrang web th\u01b0\u01a1ng m\u1ea1i \u0111i\u1ec7n t\u1eed (https:\/\/www.indianfoodcart.com) \u0111\u01b0\u1ee3c qu\u1ea3n l\u00fd b\u1edfi C\u00f4ng ty TNHH To\u00e0n C\u1ea7u Pans (Pans Global Company Limited).<br \/>\nT\u1ea5t c\u1ea3 c\u00e1c s\u1ea3n ph\u1ea9m tr\u00ean trang web c\u1ee7a ch\u00fang t\u00f4i tu\u00e2n th\u1ee7 \u0111\u1ea7y \u0111\u1ee7 c\u00e1c quy \u0111\u1ecbnh c\u1ee7a Ch\u00ednh ph\u1ee7. Ch\u00fang t\u00f4i \u0111\u1ea3m b\u1ea3o kh\u00f4ng b\u00e1n c\u00e1c s\u1ea3n ph\u1ea9m gi\u1ea3 m\u1ea1o ho\u1eb7c b\u1ea5t h\u1ee3p ph\u00e1p m\u00e0 kh\u00f4ng c\u00f3 y\u00eau c\u1ea7u t\u00f9y ch\u1ec9nh v\u00e0 h\u00e0ng h\u00f3a kh\u00f4ng r\u00f5 ngu\u1ed3n g\u1ed1c. S\u1ea3n ph\u1ea9m c\u1ee7a ch\u00fang t\u00f4i \u0111\u1ea1t ch\u1ea5t l\u01b0\u1ee3ng theo c\u00e1c ti\u00eau chu\u1ea9n k\u1ef9 thu\u1eadt nghi\u00eam ng\u1eb7t, ki\u1ec3m so\u00e1t ch\u1ea5t l\u01b0\u1ee3ng, v\u1ec7 sinh an to\u00e0n th\u1ef1c ph\u1ea9m, ngu\u1ed3n g\u1ed1c, nh\u00e3n m\u00e1c s\u1ea3n ph\u1ea9m. M\u1ecdi ho\u1ea1t \u0111\u1ed9ng tr\u00ean website \u0111\u1ec1u \u0111\u01b0\u1ee3c th\u1ef1c hi\u1ec7n c\u00f4ng khai, minh b\u1ea1ch v\u00e0 h\u1ee3p ph\u00e1p.<br \/>\nB\u1eb1ng c\u00e1ch truy c\u1eadp v\u00e0 s\u1eed d\u1ee5ng trang web n\u00e0y, b\u1ea1n x\u00e1c nh\u1eadn r\u1eb1ng b\u1ea1n hi\u1ec3u v\u00e0 \u0111\u1ed3ng \u00fd v\u1edbi \u0110i\u1ec1u kho\u1ea3n v\u00e0 \u0110i\u1ec1u ki\u1ec7n n\u00e0y. IndianFoodCart c\u00f3 quy\u1ec1n s\u1eeda \u0111\u1ed5i, thay \u0111\u1ed5i, ch\u1ec9nh s\u1eeda, th\u00eam ho\u1eb7c b\u1edbt b\u1ea5t k\u1ef3 ph\u1ea7n n\u00e0o c\u1ee7a \u0110i\u1ec1u kho\u1ea3n v\u00e0 \u0110i\u1ec1u ki\u1ec7n n\u00e0y v\u00e0o b\u1ea5t k\u1ef3 l\u00fac n\u00e0o (\u201cThay \u0111\u1ed5i\u201d). B\u1ea5t k\u1ef3 Thay \u0111\u1ed5i n\u00e0o nh\u01b0 v\u1eady s\u1ebd c\u00f3 hi\u1ec7u l\u1ef1c ngay sau khi \u0111\u0103ng c\u00f4ng khai m\u00e0 kh\u00f4ng c\u1ea7n th\u00f4ng b\u00e1o tr\u01b0\u1edbc. V\u00e0 khi b\u1ea1n ti\u1ebfp t\u1ee5c s\u1eed d\u1ee5ng trang web, c\u00f3 ngh\u0129a l\u00e0 b\u1ea1n ch\u1ea5p nh\u1eadn nh\u1eefng Thay \u0111\u1ed5i \u0111\u00f3 sau khi \u0111\u0103ng c\u00f4ng khai.<br \/>\nKhi truy c\u1eadp trang web c\u1ee7a ch\u00fang t\u00f4i, Kh\u00e1ch h\u00e0ng ph\u1ea3i \u0111\u1ea3m b\u1ea3o b\u1ea1n t\u1eeb 15 tu\u1ed5i tr\u1edf l\u00ean ho\u1eb7c truy c\u1eadp d\u01b0\u1edbi s\u1ef1 gi\u00e1m s\u00e1t c\u1ee7a cha m\u1eb9 ho\u1eb7c ng\u01b0\u1eddi gi\u00e1m h\u1ed9 h\u1ee3p ph\u00e1p. Kh\u00e1ch h\u00e0ng \u0111\u1ea3m b\u1ea3o r\u1eb1ng b\u1ea1n c\u00f3 n\u0103ng l\u1ef1c h\u00e0nh vi d\u00e2n s\u1ef1 c\u1ee7a c\u00e1 nh\u00e2n \u0111\u1ec3 x\u00e1c l\u1eadp, th\u1ef1c hi\u1ec7n v\u00e0 th\u1ef1c hi\u1ec7n c\u00e1c giao d\u1ecbch d\u00e2n s\u1ef1 theo quy \u0111\u1ecbnh c\u1ee7a ph\u00e1p lu\u1eadt hi\u1ec7n h\u00e0nh.<\/p>\n<p><strong>QUY\u1ec0N RI\u00caNG T\u01af V\u00c0 B\u1ea2O M\u1eacT:<\/strong><br \/>\nM\u1ee5c \u0111\u00edch v\u00e0 ph\u1ea1m vi thu th\u1eadp d\u1eef li\u1ec7u<br \/>\nD\u1eef li\u1ec7u ch\u00ednh \u0111\u01b0\u1ee3c thu th\u1eadp tr\u00ean trang web www.indianfoodcart.com bao g\u1ed3m t\u00ean, \u0111\u1ecba ch\u1ec9 email, s\u1ed1 \u0111i\u1ec7n tho\u1ea1i, \u0111\u1ecba ch\u1ec9, ng\u00e0y sinh. Nh\u1eefng th\u00f4ng tin \u0111\u00f3 b\u1eaft bu\u1ed9c kh\u00e1ch h\u00e0ng ph\u1ea3i cung c\u1ea5p tr\u01b0\u1edbc khi truy c\u1eadp n\u1ed9i dung trang web, li\u00ean quan \u0111\u1ebfn khi mua h\u00e0ng \u0111\u1ec3 tu\u00e2n th\u1ee7 lu\u1eadt th\u01b0\u01a1ng m\u1ea1i r\u01b0\u1ee3u tr\u00ean m\u1ea1ng tr\u1ef1c tuy\u1ebfn c\u0169ng nh\u01b0 \u0111\u1ea3m b\u1ea3o quy\u1ec1n l\u1ee3i c\u1ee7a ng\u01b0\u1eddi ti\u00eau d\u00f9ng.<\/p>\n<p>Kh\u00e1ch h\u00e0ng s\u1ebd t\u1ef1 ch\u1ecbu tr\u00e1ch nhi\u1ec7m v\u1ec1 b\u1ea3o m\u1eadt v\u00e0 l\u01b0u gi\u1eef c\u1ee7a t\u1ea5t c\u1ea3 nh\u1eefng ng\u01b0\u1eddi s\u1eed d\u1ee5ng d\u1ecbch v\u1ee5 d\u01b0\u1edbi t\u00ean \u0111\u0103ng k\u00fd, m\u1eadt kh\u1ea9u v\u00e0 h\u1ed9p th\u01b0 \u0111\u1ebfn c\u1ee7a h\u1ecd. Ngo\u00e0i ra, kh\u00e1ch h\u00e0ng c\u00f3 tr\u00e1ch nhi\u1ec7m th\u00f4ng b\u00e1o k\u1ecbp th\u1eddi cho ch\u00fang t\u00f4i v\u1ec1 nh\u1eefng h\u00e0nh vi s\u1eed d\u1ee5ng tr\u00e1i ph\u00e9p, l\u1ea1m d\u1ee5ng, vi ph\u1ea1m b\u1ea3o m\u1eadt, l\u01b0u gi\u1eef t\u00ean \u0111\u0103ng k\u00fd v\u00e0 m\u1eadt kh\u1ea9u c\u1ee7a b\u00ean th\u1ee9 ba \u0111\u1ec3 c\u00f3 bi\u1ec7n ph\u00e1p gi\u1ea3i quy\u1ebft ph\u00f9 h\u1ee3p.<\/p>\n<p><strong>Ph\u1ea1m vi s\u1eed d\u1ee5ng th\u00f4ng tin<\/strong><br \/>\nCh\u00fang t\u00f4i s\u1eed d\u1ee5ng th\u00f4ng tin kh\u00e1ch h\u00e0ng cung c\u1ea5p \u0111\u1ec3:<br \/>\nCung c\u1ea5p c\u00e1c d\u1ecbch v\u1ee5 v\u00e0 s\u1ea3n ph\u1ea9m cho kh\u00e1ch h\u00e0ng;<br \/>\nG\u1eedi c\u00e1c th\u00f4ng b\u00e1o v\u1ec1 c\u00e1c ho\u1ea1t \u0111\u1ed9ng trao \u0111\u1ed5i th\u00f4ng tin gi\u1eefa kh\u00e1ch h\u00e0ng v\u00e0 website www.indianfoodcart.com<br \/>\nNg\u0103n ch\u1eb7n c\u00e1c ho\u1ea1t \u0111\u1ed9ng ph\u00e1 h\u1ee7y t\u00e0i kho\u1ea3n ng\u01b0\u1eddi d\u00f9ng c\u1ee7a kh\u00e1ch h\u00e0ng ho\u1eb7c c\u00e1c ho\u1ea1t \u0111\u1ed9ng gi\u1ea3 m\u1ea1o kh\u00e1ch h\u00e0ng;<br \/>\nLi\u00ean h\u1ec7 v\u00e0 gi\u1ea3i quy\u1ebft cho kh\u00e1ch h\u00e0ng trong nh\u1eefng tr\u01b0\u1eddng h\u1ee3p \u0111\u1eb7c bi\u1ec7t<br \/>\nKh\u00f4ng s\u1eed d\u1ee5ng th\u00f4ng tin c\u00e1 nh\u00e2n c\u1ee7a kh\u00e1ch h\u00e0ng ngo\u00e0i m\u1ee5c \u0111\u00edch x\u00e1c nh\u1eadn v\u00e0 li\u00ean h\u1ec7 c\u00f3 li\u00ean quan \u0111\u1ebfn ho\u1ea1t \u0111\u1ed9ng t\u1ea1i website https:\/\/www.indianfoodcart.com<br \/>\nTrong tr\u01b0\u1eddng h\u1ee3p c\u00f3 y\u00eau c\u1ea7u c\u1ee7a ph\u00e1p lu\u1eadt: ch\u00fang t\u00f4i c\u00f3 tr\u00e1ch nhi\u1ec7m h\u1ee3p t\u00e1c cung c\u1ea5p th\u00f4ng tin c\u00e1 nh\u00e2n c\u1ee7a kh\u00e1ch h\u00e0ng khi c\u00f3 y\u00eau c\u1ea7u t\u1eeb c\u01a1 quan t\u01b0 ph\u00e1p bao g\u1ed3m Vi\u1ec7n ki\u1ec3m s\u00e1t, t\u00f2a \u00e1n, c\u01a1 quan c\u00f4ng an \u0111i\u1ec1u tra li\u00ean quan \u0111\u1ebfn h\u00e0nh vi vi ph\u1ea1m ph\u00e1p lu\u1eadt n\u00e0o \u0111\u00f3 c\u1ee7a kh\u00e1ch h\u00e0ng. Ngo\u00e0i ra, kh\u00f4ng ai c\u00f3 quy\u1ec1n x\u00e2m ph\u1ea1m th\u00f4ng tin c\u00e1 nh\u00e2n c\u1ee7a kh\u00e1ch h\u00e0ng.<br \/>\n<strong>Th\u1eddi gian l\u01b0u tr\u1eef th\u00f4ng tin<\/strong><br \/>\nD\u1eef li\u1ec7u C\u00e1 nh\u00e2n c\u1ee7a Kh\u00e1ch h\u00e0ng s\u1ebd \u0111\u01b0\u1ee3c l\u01b0u tr\u1eef cho \u0111\u1ebfn khi y\u00eau c\u1ea7u h\u1ee7y b\u1ecf \u0111\u01b0\u1ee3c th\u1ef1c hi\u1ec7n. Ngo\u00e0i ra, trong m\u1ecdi tr\u01b0\u1eddng h\u1ee3p th\u00f4ng tin c\u00e1 nh\u00e2n c\u1ee7a kh\u00e1ch h\u00e0ng s\u1ebd \u0111\u01b0\u1ee3c b\u1ea3o m\u1eadt tr\u00ean m\u00e1y ch\u1ee7 c\u1ee7a website. Trong tr\u01b0\u1eddng h\u1ee3p th\u00f4ng tin b\u1ecb nghi ng\u1edd l\u00e0 gi\u1ea3 m\u1ea1o, vi ph\u1ea1m quy \u0111\u1ecbnh ho\u1eb7c kh\u00f4ng ho\u1ea1t \u0111\u1ed9ng tr\u00ean 6 th\u00e1ng th\u00ec th\u00f4ng tin \u0111\u00f3 s\u1ebd b\u1ecb x\u00f3a.<\/p>\n<p><strong>Nh\u1eefng ng\u01b0\u1eddi ho\u1eb7c t\u1ed5 ch\u1ee9c \u0111\u01b0\u1ee3c ph\u00e9p truy c\u1eadp d\u1eef li\u1ec7u<\/strong><br \/>\nTh\u00f4ng tin do ch\u00fang t\u00f4i y\u00eau c\u1ea7u trong qu\u00e1 tr\u00ecnh t\u01b0 v\u1ea5n v\u00e0 mua h\u00e0ng s\u1ebd ch\u1ec9 \u0111\u01b0\u1ee3c s\u1eed d\u1ee5ng v\u1edbi ph\u1ea1m vi \u0111\u1ea7y \u0111\u1ee7 nh\u01b0 m\u1ee5c 2 c\u1ee7a Ch\u00ednh s\u00e1ch n\u00e0y. Bao g\u1ed3m h\u1ed7 tr\u1ee3 kh\u00e1ch h\u00e0ng v\u00e0 cung c\u1ea5p c\u00e1c c\u01a1 quan ch\u1ee9c n\u0103ng khi \u0111\u01b0\u1ee3c y\u00eau c\u1ea7u.<\/p>\n<p>B\u00ean c\u1ea1nh \u0111\u00f3, nh\u1eefng th\u00f4ng tin \u0111\u00f3 s\u1ebd kh\u00f4ng \u0111\u01b0\u1ee3c ti\u1ebft l\u1ed9 cho b\u1ea5t k\u1ef3 b\u00ean th\u1ee9 ba n\u00e0o kh\u00e1c n\u1ebfu kh\u00f4ng \u0111\u01b0\u1ee3c s\u1ef1 \u0111\u1ed3ng \u00fd c\u1ee7a kh\u00e1ch h\u00e0ng.<\/p>\n<p>Ph\u01b0\u01a1ng ti\u1ec7n v\u00e0 c\u00f4ng c\u1ee5 \u0111\u1ec3 ng\u01b0\u1eddi d\u00f9ng truy c\u1eadp v\u00e0 ch\u1ec9nh s\u1eeda d\u1eef li\u1ec7u c\u00e1 nh\u00e2n c\u1ee7a h\u1ecd.<\/p>\n<p>Kh\u00e1ch h\u00e0ng c\u00f3 th\u1ec3 \u0111\u0103ng nh\u1eadp t\u00e0i kho\u1ea3n \u0111\u1ec3 \u0111i\u1ec1u ch\u1ec9nh th\u00f4ng tin c\u00e1 nh\u00e2n ho\u1eb7c g\u1eedi y\u00eau c\u1ea7u \u0111\u1ebfn ch\u00fang t\u00f4i \u0111\u1ec3 \u0111\u01b0\u1ee3c h\u1ed7 tr\u1ee3 ki\u1ec3m tra, c\u1eadp nh\u1eadt, \u0111i\u1ec1u ch\u1ec9nh, h\u1ee7y b\u1ecf th\u00f4ng tin c\u00e1 nh\u00e2n.<br \/>\nKh\u00e1ch h\u00e0ng c\u00f3 quy\u1ec1n g\u1eedi khi\u1ebfu n\u1ea1i v\u1ec1 vi\u1ec7c l\u1ed9 th\u00f4ng tin c\u00e1 nh\u00e2n cho b\u00ean th\u1ee9 3 \u0111\u1ebfn Ban qu\u1ea3n tr\u1ecb website. Khi nh\u1eadn \u0111\u01b0\u1ee3c ph\u1ea3n h\u1ed3i n\u00e0y, ch\u00fang t\u00f4i s\u1ebd kh\u1eb3ng \u0111\u1ecbnh l\u1ea1i d\u1eef li\u1ec7u, c\u00f3 tr\u00e1ch nhi\u1ec7m tr\u1ea3 l\u1eddi l\u00fd do v\u00e0 h\u01b0\u1edbng d\u1eabn ng\u01b0\u1eddi d\u00f9ng kh\u00f4i ph\u1ee5c v\u00e0 b\u1ea3o m\u1eadt l\u1ea1i th\u00f4ng tin.<\/p>\n<p><strong>B\u1ea2O H\u00c0NH V\u00c0 CH\u00cdNH S\u00c1CH H\u1eacU M\u00c3I:<\/strong><br \/>\n<strong>Thu th\u1eadp th\u00f4ng tin<\/strong><br \/>\n\u0110\u1ec3 th\u1ef1c hi\u1ec7n giao d\u1ecbch, kh\u00e1ch h\u00e0ng c\u1ea7n \u0111\u0103ng k\u00fd m\u1edf t\u00e0i kho\u1ea3n t\u1ea1i website IndianFoodCart v\u00e0 cung c\u1ea5p m\u1ed9t s\u1ed1 th\u00f4ng tin c\u00e1 nh\u00e2n c\u1ea7n thi\u1ebft.<br \/>\nL\u1ee3i \u00edch t\u1ed1t nh\u1ea5t l\u00e0 \u0111\u0103ng k\u00fd v\u1edbi th\u00e0nh vi\u00ean kh\u00e1ch h\u00e0ng th\u00e2n thi\u1ebft c\u1ee7a ch\u00fang t\u00f4i trong qu\u00e1 tr\u00ecnh mua s\u1eafm<br \/>\nKh\u00e1ch h\u00e0ng c\u00f3 tr\u00e1ch nhi\u1ec7m \u0111\u1ea3m b\u1ea3o r\u1eb1ng th\u00f4ng tin l\u00e0 \u0111\u00fang v\u00e0 ch\u00ednh x\u00e1c. IndianFoodCart s\u1ebd kh\u00f4ng ch\u1ecbu tr\u00e1ch nhi\u1ec7m v\u1ec1 thi\u1ec7t h\u1ea1i ho\u1eb7c m\u1ea5t m\u00e1t ho\u1eb7c tr\u00e1ch nhi\u1ec7m ph\u00e1p l\u00fd ph\u00e1t sinh t\u1eeb th\u00f4ng tin kh\u00f4ng ch\u00ednh x\u00e1c c\u1ee7a Kh\u00e1ch h\u00e0ng.<br \/>\n<strong>L\u01b0u tr\u1eef v\u00e0 b\u1ea3o m\u1eadt th\u00f4ng tin<\/strong><br \/>\nTh\u00f4ng tin kh\u00e1ch h\u00e0ng v\u00e0 c\u00e1c giao d\u1ecbch \u0111\u01b0\u1ee3c l\u01b0u tr\u1eef \u0111\u01b0\u1ee3c b\u1ea3o m\u1eadt b\u1edfi h\u1ec7 th\u1ed1ng c\u1ee7a IndianFoodCart.<br \/>\n<strong>S\u1eed d\u1ee5ng th\u00f4ng tin kh\u00e1ch h\u00e0ng<\/strong><br \/>\nIndianFoodCartc\u00f3 quy\u1ec1n s\u1eed d\u1ee5ng th\u00f4ng tin kh\u00e1ch h\u00e0ng cung c\u1ea5p \u0111\u1ec3:<br \/>\nTh\u1ef1c hi\u1ec7n giao h\u00e0ng theo \u0111\u1ecba ch\u1ec9 kh\u00e1ch h\u00e0ng cung c\u1ea5p.<br \/>\nC\u1eadp nh\u1eadt c\u00e1c th\u00f4ng tin li\u00ean quan v\u1ec1 \u01b0u \u0111\u00e3i, khuy\u1ebfn m\u00e3i hay c\u00e1c th\u00f4ng b\u00e1o kh\u00e1c.<br \/>\nNh\u1eb1m x\u1eed l\u00fd \u0111\u01a1n \u0111\u1eb7t h\u00e0ng v\u00e0 c\u00e1c v\u1ea5n \u0111\u1ec1 g\u1eb7p ph\u1ea3i theo y\u00eau c\u1ea7u c\u1ee7a kh\u00e1ch h\u00e0ng.<br \/>\nS\u1eed d\u1ee5ng th\u00f4ng tin thu th\u1eadp \u0111\u01b0\u1ee3c t\u1eeb cookies nh\u1eb1m c\u1ea3i thi\u1ec7n tr\u1ea3i nghi\u1ec7m ng\u01b0\u1eddi d\u00f9ng v\u00e0 ch\u1ea5t l\u01b0\u1ee3ng d\u1ecbch v\u1ee5.<br \/>\nKh\u00e1ch h\u00e0ng c\u1ea7n c\u00f3 tr\u00e1ch nhi\u1ec7m t\u1ef1 b\u1ea3o m\u1eadt th\u00f4ng tin t\u00e0i kho\u1ea3n c\u1ee7a m\u00ecnh v\u00e0 kh\u00f4ng chia s\u1ebb b\u1ea5t k\u1ef3 th\u00f4ng tin n\u00e0o li\u00ean quan \u0111\u1ebfn t\u00e0i kho\u1ea3n v\u00e0 m\u1eadt kh\u1ea9u truy c\u1eadp t\u1ea1i website IndianFoodCart tr\u00ean c\u00e1c website kh\u00e1c.<br \/>\n<strong>Chia s\u1ebb th\u00f4ng tin kh\u00e1ch h\u00e0ng<\/strong><br \/>\nIndianFoodCart cam k\u1ebft t\u00f4n tr\u1ecdng s\u1ef1 ri\u00eang t\u01b0 v\u00e0 b\u1ea3o v\u1ec7 quy\u1ec1n l\u1ee3i th\u00f4ng tin c\u00e1 nh\u00e2n v\u00e0 th\u00f4ng tin thanh to\u00e1n c\u1ee7a ng\u01b0\u1eddi truy c\u1eadp. Kh\u00f4ng chia s\u1ebb th\u00f4ng tin c\u1ee7a kh\u00e1ch h\u00e0ng cho b\u1ea5t k\u1ef3 m\u1ed9t c\u00f4ng ty n\u00e0o kh\u00e1c, ngo\u1ea1i tr\u1eeb nh\u1eefng b\u00ean th\u1ee9 ba c\u00f3 li\u00ean quan tr\u1ef1c ti\u1ebfp \u0111\u1ebfn vi\u1ec7c giao h\u00e0ng, x\u1eed l\u00fd thanh to\u00e1n, b\u1ed3i ho\u00e0n \u2026<br \/>\nNgo\u00e0i ra, IndianFoodCart c\u00f3 th\u1ec3 cung c\u1ea5p th\u00f4ng tin c\u00e1 nh\u00e2n c\u1ee7a qu\u00fd kh\u00e1ch trong tr\u01b0\u1eddng h\u1ee3p th\u1eadt s\u1ef1 c\u1ea7n thi\u1ebft sau:<br \/>\nTheo y\u00eau c\u1ea7u c\u1ee7a c\u01a1 quan ph\u00e1p lu\u1eadt<br \/>\nChia s\u1ebb v\u1edbi \u0111\u1ed1i t\u00e1c qu\u1ea3ng c\u00e1o nh\u01b0 Google cho m\u1ee5c \u0111\u00edch ti\u1ebfp th\u1ecb l\u1ea1i theo h\u00e0nh vi kh\u00e1ch h\u00e0ng.<br \/>\nNghi\u00ean c\u1ee9u th\u1ecb tr\u01b0\u1eddng v\u00e0 c\u00e1c b\u00e1o c\u00e1o ph\u00e2n t\u00edch v\u00e0 tuy\u1ec7t \u0111\u1ed1i kh\u00f4ng chuy\u1ec3n cho b\u00ean th\u1ee9 ba.<br \/>\nS\u1eed d\u1ee5ng Cookies<br \/>\nIndianFoodCart c\u00f3 th\u1ec3 t\u1ef1 \u0111\u1ed9ng thu th\u1eadp v\u00e0 l\u01b0u tr\u1eef m\u1ed9t s\u1ed1 th\u00f4ng tin trong nh\u1eadt k\u00fd m\u00e1y ch\u1ee7 bao g\u1ed3m c\u00e1c chi ti\u1ebft c\u00e1ch kh\u00e1ch h\u00e0ng s\u1eed d\u1ee5ng v\u00e0 truy v\u1ea5n d\u1ecbch v\u1ee5 c\u1ee7a IndianFoodCart . Nh\u1eadn d\u1ea1ng t\u00e0i kho\u1ea3n kh\u00e1ch h\u00e0ng tr\u00ean tr\u00ecnh duy\u1ec7t c\u0169ng nh\u01b0 x\u1eed l\u00fd c\u00e1c s\u1ef1 c\u1ed1 l\u1ed7i, ng\u00f4n ng\u1eef, tr\u00ecnh duy\u1ec7t \u2026<\/p>\n","protected":false},"excerpt":{"rendered":"<p>NGUY\u00caN T\u1eaeC V\u00c0 QUY \u0110\u1ecaNH CHUNG: Trang web th\u01b0\u01a1ng m\u1ea1i \u0111i\u1ec7n t\u1eed (https:\/\/www.indianfoodcart.com) \u0111\u01b0\u1ee3c qu\u1ea3n l\u00fd b\u1edfi C\u00f4ng ty TNHH To\u00e0n C\u1ea7u Pans (Pans Global Company Limited). T\u1ea5t c\u1ea3 c\u00e1c s\u1ea3n ph\u1ea9m tr\u00ean trang web c\u1ee7a ch\u00fang t\u00f4i tu\u00e2n th\u1ee7 \u0111\u1ea7y \u0111\u1ee7 c\u00e1c quy \u0111\u1ecbnh c\u1ee7a Ch\u00ednh ph\u1ee7. Ch\u00fang t\u00f4i \u0111\u1ea3m b\u1ea3o kh\u00f4ng b\u00e1n c\u00e1c [&hellip;]<\/p>\n","protected":false},"author":1,"featured_media":0,"parent":0,"menu_order":0,"comment_status":"closed","ping_status":"closed","template":"","meta":{"footnotes":""},"class_list":["post-8843","page","type-page","status-publish","hentry"],"_links":{"self":[{"href":"https:\/\/www.indianfoodcart.com\/vn\/wp-json\/wp\/v2\/pages\/8843","targetHints":{"allow":["GET"]}}],"collection":[{"href":"https:\/\/www.indianfoodcart.com\/vn\/wp-json\/wp\/v2\/pages"}],"about":[{"href":"https:\/\/www.indianfoodcart.com\/vn\/wp-json\/wp\/v2\/types\/page"}],"author":[{"embeddable":true,"href":"https:\/\/www.indianfoodcart.com\/vn\/wp-json\/wp\/v2\/users\/1"}],"replies":[{"embeddable":true,"href":"https:\/\/www.indianfoodcart.com\/vn\/wp-json\/wp\/v2\/comments?post=8843"}],"version-history":[{"count":4,"href":"https:\/\/www.indianfoodcart.com\/vn\/wp-json\/wp\/v2\/pages\/8843\/revisions"}],"predecessor-version":[{"id":8929,"href":"https:\/\/www.indianfoodcart.com\/vn\/wp-json\/wp\/v2\/pages\/8843\/revisions\/8929"}],"wp:attachment":[{"href":"https:\/\/www.indianfoodcart.com\/vn\/wp-json\/wp\/v2\/media?parent=8843"}],"curies":[{"name":"wp","href":"https:\/\/api.w.org\/{rel}","templated":true}]}}