{"id":8841,"date":"2025-01-11T17:40:02","date_gmt":"2025-01-11T10:40:02","guid":{"rendered":"http:\/\/localhost\/?page_id=8841"},"modified":"2025-03-01T10:31:37","modified_gmt":"2025-03-01T03:31:37","slug":"van-chuyen-giao-nhan","status":"publish","type":"page","link":"https:\/\/www.indianfoodcart.com\/vn\/van-chuyen-giao-nhan\/","title":{"rendered":"V\u1eadn Chuy\u1ec3n &#038; Giao Nh\u1eadn"},"content":{"rendered":"<p><span data-darkreader-inline-color=\"\"><strong>CH\u00cdNH S\u00c1CH\u00a0<\/strong><\/span><span data-darkreader-inline-color=\"\"><strong>V\u1eacN CHUY\u1ec2N &amp; GIAO NH\u1eacN<\/strong><\/span><\/p>\n<p><span data-darkreader-inline-color=\"\"><strong>I. Gi\u1edbi thi\u1ec7u v\u00e0 nguy\u00ean t\u1eafc chung:<\/strong><\/span><\/p>\n<p>&#8211; Website th\u01b0\u01a1ng m\u1ea1i \u0111i\u1ec7n t\u1eed\u00a0www.indianfoodcart.com\u00a0(sau \u0111\u00e2y g\u1ecdi l\u00e0\u00a0<strong>trang web<\/strong>)<strong>\u00a0<\/strong>l\u00e0 m\u1ed9t website th\u00e0nh vi\u00ean c\u1ee7a C\u00f4ng ty TNHH To\u00e0n C\u1ea7u Pans (sau \u0111\u00e2y g\u1ecdi l\u00e0 <strong>ch\u00fang t\u00f4i<\/strong>) v\u00e0 \u0111\u01b0\u1ee3c ch\u00fang t\u00f4i th\u1ef1c hi\u1ec7n ho\u1ea1t \u0111\u1ed9ng v\u00e0 v\u1eadn h\u00e0nh.<\/p>\n<p>&#8211; Ch\u00ednh s\u00e1ch giao h\u00e0ng n\u00e0y m\u00f4 t\u1ea3 c\u00e1c \u0111i\u1ec1u kho\u1ea3n v\u00e0 \u0111i\u1ec1u ki\u1ec7n v\u1ec1\u00a0<strong>giao h\u00e0ng<\/strong>,\u00a0<strong>nh\u1eadn h\u00e0ng<\/strong>,\u00a0<strong>ki\u1ec3m h\u00e0ng<\/strong>\u00a0v\u00e0\u00a0<strong>ph\u00e2n \u0111\u1ecbnh tr\u00e1ch nhi\u1ec7m<\/strong>\u00a0c\u1ee7a c\u00e1c b\u00ean khi kh\u00e1ch h\u00e0ng mua h\u00e0ng t\u1ea1i website\u00a0www.indianfoodcart.com.<\/p>\n<p>&#8211; Ch\u00fang t\u00f4i b\u1ea3o l\u01b0u quy\u1ec1n s\u1eeda \u0111\u1ed5i, c\u1eadp nh\u1eadt\u00a0<strong>Ch\u00ednh s\u00e1ch giao nh\u1eadn<\/strong> n\u00e0y trong t\u1eebng th\u1eddi \u0111i\u1ec3m c\u1ee5 th\u1ec3 v\u00e0 s\u1ebd th\u00f4ng b\u00e1o c\u00f4ng khai tr\u00ean website www.indianfoodcart.com.<\/p>\n<p>&#8211; Ch\u00ednh s\u00e1ch giao nh\u1eadn n\u00e0y l\u00e0 m\u1ed9t b\u1ed9 ph\u1eadn kh\u00f4ng th\u1ec3 t\u00e1ch r\u1eddi c\u1ee7a \u0110i\u1ec1u kho\u1ea3n s\u1eed d\u1ee5ng d\u1ecbch v\u1ee5 \u0111\u01b0\u1ee3c \u0111\u0103ng t\u1ea3i tr\u00ean trang web n\u00e0y.<\/p>\n<p><span data-darkreader-inline-color=\"\"><strong>II. Ph\u1ea1m vi giao h\u00e0ng:<\/strong><\/span><\/p>\n<p>&#8211; T\u1ea5t c\u1ea3 c\u00e1c \u0111\u01a1n h\u00e0ng \u0111\u01b0\u1ee3c giao trong TP. H\u1ed3 Ch\u00ed Minh v\u00e0 t\u1ea5t c\u1ea3 c\u00e1c t\u1ec9nh th\u00e0nh kh\u00e1c trong ph\u1ea1m vi l\u00e3nh th\u1ed5 Vi\u1ec7t Nam.<\/p>\n<p>&#8211; TP. H\u1ed3 Ch\u00ed Minh bao g\u1ed3m: C\u00e1c qu\u1eadn n\u1ed9i th\u00e0nh &amp; c\u00e1c huy\u1ec7n ngo\u1ea1i th\u00e0nh.<\/p>\n<ul>\n<li>C\u00e1c qu\u1eadn n\u1ed9i th\u00e0nh (Sau \u0111\u00e2y g\u1ecdi l\u00e0\u00a0<strong>n\u1ed9i th\u00e0nh TP. H\u1ed3 Ch\u00ed Minh<\/strong>) bao g\u1ed3m:\u00a0Qu\u1eadn 1, qu\u1eadn 2, qu\u1eadn 3, qu\u1eadn 4, qu\u1eadn 5, qu\u1eadn 6, qu\u1eadn 7, qu\u1eadn 8, qu\u1eadn 9, qu\u1eadn 10, qu\u1eadn 11, qu\u1eadn 12, qu\u1eadn Ph\u00fa Nhu\u1eadn, qu\u1eadn T\u00e2n B\u00ecnh, qu\u1eadn T\u00e2n Ph\u00fa, qu\u1eadn G\u00f2 V\u1ea5p, qu\u1eadn B\u00ecnh T\u00e2n &amp; TP. Th\u1ee7 \u0110\u1ee9c.<\/li>\n<li>C\u00e1c huy\u1ec7n ngo\u1ea1i th\u00e0nh (Sau \u0111\u00e2y g\u1ecdi l\u00e0\u00a0<strong>ngo\u1ea1i th\u00e0nh TP. H\u1ed3 Ch\u00ed Minh<\/strong>) bao g\u1ed3m: Huy\u1ec7n C\u1ee7 Chi, huy\u1ec7n H\u00f3c M\u00f4n, huy\u1ec7n B\u00ecnh Ch\u00e1nh, huy\u1ec7n Nh\u00e0 B\u00e8, huy\u1ec7n C\u1ea7n Gi\u1edd.<\/li>\n<\/ul>\n<p><span data-darkreader-inline-color=\"\"><strong>III. Ph\u01b0\u01a1ng th\u1ee9c giao h\u00e0ng \u2013 Th\u1eddi gian giao h\u00e0ng \u2013 Chi ph\u00ed v\u1eadn chuy\u1ec3n:<\/strong><\/span><\/p>\n<p><strong><span data-darkreader-inline-color=\"\">1. Ph\u01b0\u01a1ng th\u1ee9c giao h\u00e0ng:<\/span>\u00a0<\/strong>T\u00f9y theo \u0111\u1ecba ch\u1ec9 giao h\u00e0ng c\u1ee7a kh\u00e1ch h\u00e0ng th\u00ec hi\u1ec7n nay ch\u00fang t\u00f4i s\u1eed d\u1ee5ng 2 ph\u01b0\u01a1ng th\u1ee9c giao h\u00e0ng nh\u01b0 sau:<\/p>\n<p>a. \u0110\u1ed1i v\u1edbi c\u00e1c \u0111\u01a1n h\u00e0ng c\u1ee7a kh\u00e1ch h\u00e0ng c\u00f3 \u0111\u1ecba ch\u1ec9 trong n\u1ed9i th\u00e0nh TP. H\u1ed3 Ch\u00ed Minh: \u0110\u01a1n h\u00e0ng \u0111\u01b0\u1ee3c v\u1eadn chuy\u1ec3n tr\u1ef1c ti\u1ebfp b\u1edfi nh\u00e2n vi\u00ean c\u1ee7a C\u00f4ng ty TNHH To\u00e0n C\u1ea7u Pan.<\/p>\n<p>b. \u0110\u1ed1i v\u1edbi c\u00e1c \u0111\u01a1n h\u00e0ng c\u00f3 \u0111\u1ecba ch\u1ec9 \u1edf c\u00e1c huy\u1ec7n ngo\u1ea1i th\u00e0nh &amp; c\u00e1c t\u1ec9nh th\u00e0nh kh\u00e1c trong c\u1ea3 n\u01b0\u1edbc: \u0110\u01a1n h\u00e0ng \u0111\u01b0\u1ee3c v\u1eadn chuy\u1ec3n b\u1edfi \u0111\u01a1n v\u1ecb v\u1eadn chuy\u1ec3n chuy\u00ean nghi\u1ec7p th\u1ee9 3 (Nh\u01b0 Viettel Post, EMS, v.v)<\/p>\n<p><span data-darkreader-inline-color=\"\"><strong>2. Th\u1eddi gian giao h\u00e0ng:<\/strong><\/span><\/p>\n<p><strong>a. Nguy\u00ean t\u1eafc:<\/strong><\/p>\n<p>&#8211; Th\u1eddi gian giao h\u00e0ng \u0111\u01b0\u1ee3c t\u00ednh t\u1eeb th\u1eddi \u0111i\u1ec3m \u0111\u01a1n h\u00e0ng \u0111\u01b0\u1ee3c x\u00e1c nh\u1eadn \u0111\u1eb7t h\u00e0ng th\u00e0nh c\u00f4ng b\u1eb1ng ph\u01b0\u01a1ng th\u1ee9c \u0111\u01b0\u1ee3c x\u00e1c \u0111\u1ecbnh b\u1edfi ch\u00fang t\u00f4i (Tham kh\u1ea3o t\u1ea1i trang <a href=\"https:\/\/www.indianfoodcart.com\/phan-dinh-trach-nhiem\/\"><b>Ph\u00e2n \u0110\u1ecbnh Tr\u00e1ch Nhi\u1ec7m<\/b><\/a>).<\/p>\n<p>&#8211; \u0110\u1ed1i v\u1edbi \u0111\u01a1n h\u00e0ng \u0111\u1eb7t tr\u01b0\u1edbc s\u1ea3n ph\u1ea9m ho\u1eb7c s\u1ea3n ph\u1ea9m kh\u00f4ng c\u00f3 s\u1eb5n v\u00e0 \u0111\u01b0\u1ee3c x\u00e1c nh\u1eadn \u0111\u1eb7t h\u00e0ng th\u00e0nh c\u00f4ng, th\u1eddi gian giao h\u00e0ng \u0111\u01b0\u1ee3c t\u00ednh t\u1eeb th\u1eddi \u0111i\u1ec3m ch\u00fang t\u00f4i th\u00f4ng b\u00e1o cho kh\u00e1ch h\u00e0ng b\u1eb1ng ph\u01b0\u01a1ng th\u1ee9c do ch\u00fang t\u00f4i l\u1ef1a ch\u1ecdn (nh\u01b0 g\u1ecdi \u0111i\u1ec7n tho\u1ea1i, g\u1eedi email x\u00e1c nh\u1eadn, v.v.) sau khi c\u00f3 \u0111\u1ea7y \u0111\u1ee7 s\u1ea3n ph\u1ea9m theo nh\u01b0 \u0111\u01a1n h\u00e0ng \u0111\u00e3 \u0111\u01b0\u1ee3c x\u00e1c nh\u1eadn th\u00e0nh c\u00f4ng.<\/p>\n<p><strong>b. Th\u1eddi gian giao h\u00e0ng:<\/strong>\u00a0T\u00f9y thu\u1ed9c v\u00e0o khu v\u1ef1c giao h\u00e0ng, ch\u00fang t\u00f4i th\u1ef1c hi\u1ec7n giao h\u00e0ng cho kh\u00e1ch h\u00e0ng v\u1edbi khung th\u1eddi gian nh\u01b0 sau:<\/p>\n<table border=\"1\" cellspacing=\"0\" cellpadding=\"0\">\n<tbody>\n<tr>\n<td><strong>Khu v\u1ef1c<\/strong><\/td>\n<td><strong>Th\u1eddi gian giao h\u00e0ng<\/strong><\/td>\n<\/tr>\n<tr>\n<td>N\u1ed9i th\u00e0nh TP. H\u1ed3 Ch\u00ed Minh<\/td>\n<td>Th\u1eddi gian giao h\u00e0ng 2-5h, trong ng\u00e0y t\u00f9y theo th\u1eddi \u0111i\u1ec3m \u0111\u1eb7t.<\/td>\n<\/tr>\n<tr>\n<td>Ngo\u1ea1i th\u00e0nh TP. H\u1ed3 Ch\u00ed Minh<\/td>\n<td>T\u1eeb 1\u00a0&#8211; 2 ng\u00e0y t\u00f9y theo th\u1eddi \u0111i\u1ec3m \u0111\u1eb7t.<\/td>\n<\/tr>\n<tr>\n<td>C\u00e1c t\u1ec9nh th\u00e0nh kh\u00e1c trong c\u1ea3 n\u01b0\u1edbc<\/td>\n<td>T\u00f9y theo kho\u1ea3ng c\u00e1ch khu v\u1ef1c, th\u1eddi gian giao h\u00e0ng t\u1eeb 2-7 ng\u00e0y.<\/td>\n<\/tr>\n<tr>\n<td colspan=\"2\"><span data-darkreader-inline-color=\"\"><strong>Ch\u00fa \u00fd:<\/strong><\/span><\/p>\n<ul>\n<li>Th\u1eddi gian giao h\u00e0ng tr\u00ean \u00e1p d\u1ee5ng v\u1edbi c\u00e1c \u0111\u01a1n h\u00e0ng x\u00e1c nh\u1eadn \u0111\u1eb7t h\u00e0ng th\u00e0nh c\u00f4ng tr\u01b0\u1edbc 16h trong ng\u00e0y, c\u00e1c \u0111\u01a1n h\u00e0ng \u0111\u01b0\u1ee3c x\u00e1c nh\u1eadn sau 16h s\u1ebd \u0111\u01b0\u1ee3c x\u1eed l\u00fd v\u00e0o 9h ng\u00e0y k\u1ebf ti\u1ebfp.<\/li>\n<li>Th\u1eddi gian giao h\u00e0ng kh\u00f4ng bao g\u1ed3m: Ch\u1ee7 nh\u1eadt v\u00e0 c\u00e1c ng\u00e0y L\u1ec5, T\u1ebft.<\/li>\n<li>V\u1edbi \u0111\u01a1n h\u00e0ng \u1edf n\u1ed9i th\u00e0nh TP. H\u1ed3 Ch\u00ed Minh v\u00e0 \u0111\u01b0\u1ee3c giao b\u1edfi nh\u00e2n vi\u00ean C\u00f4ng ty TNHH To\u00e0n C\u1ea7u Pan, tr\u01b0\u1edbc khi giao s\u1ea3n ph\u1ea9m, ch\u00fang t\u00f4i s\u1ebd th\u00f4ng b\u00e1o tr\u01b0\u1edbc v\u1edbi kh\u00e1ch h\u00e0ng \u0111\u1ec3 s\u1eafp x\u1ebfp th\u1eddi gian nh\u1eadn s\u1ea3n ph\u1ea9m. Trong tr\u01b0\u1eddng h\u1ee3p kh\u00e1ch h\u00e0ng l\u1ef1a ch\u1ecdn h\u00ecnh th\u1ee9c nh\u1eadn h\u00e0ng t\u1ea1i c\u1eeda h\u00e0ng: th\u1eddi gian nh\u1eadn h\u00e0ng s\u1ebd ph\u1ee5 thu\u1ed9c v\u00e0o th\u1eddi gian l\u00e0m vi\u1ec7c th\u1ef1c t\u1ebf c\u1ee7a t\u1eebng c\u1eeda h\u00e0ng v\u00e0 theo h\u01b0\u1edbng d\u1eabn c\u1ee7a ch\u00fang t\u00f4i.<\/li>\n<li>V\u1edbi c\u00e1c \u0111\u01a1n h\u00e0ng \u1edf ngo\u1ea1i th\u00e0nh TP. H\u1ed3 Ch\u00ed Minh &amp; c\u00e1c t\u1ec9nh th\u00e0nh kh\u00e1c trong c\u1ea3 n\u01b0\u1edbc, vi\u1ec7c th\u00f4ng b\u00e1o t\u1edbi kh\u00e1ch h\u00e0ng s\u1ebd \u0111\u01b0\u1ee3c th\u1ef1c hi\u1ec7n theo ph\u01b0\u01a1ng th\u1ee9c giao h\u00e0ng c\u1ee7a c\u00e1c \u0111\u01a1n v\u1ecb v\u1eadn chuy\u1ec3n chuy\u00ean nghi\u1ec7p.<\/li>\n<\/ul>\n<\/td>\n<\/tr>\n<\/tbody>\n<\/table>\n<p><span data-darkreader-inline-color=\"\"><strong>3. Chi ph\u00ed v\u1eadn chuy\u1ec3n:<\/strong><\/span>\u00a0T\u00f9y thu\u1ed9c gi\u00e1 tr\u1ecb \u0111\u01a1n h\u00e0ng v\u00e0 khu v\u1ef1c giao h\u00e0ng th\u00ec chi ph\u00ed v\u1eadn chuy\u1ec3n s\u1ebd \u0111\u01b0\u1ee3c \u00e1p d\u1ee5ng theo bi\u1ec3u ph\u00ed nh\u01b0 sau:<\/p>\n<table border=\"1\" cellspacing=\"0\" cellpadding=\"0\">\n<tbody>\n<tr>\n<td><strong>Khu v\u1ef1c<\/strong><\/td>\n<td><strong>Bi\u1ec3u ph\u00ed v\u1eadn chuy\u1ec3n<\/strong><\/td>\n<\/tr>\n<tr>\n<td>N\u1ed9i th\u00e0nh TP. H\u1ed3 Ch\u00ed Minh<\/td>\n<td>\u00a0&#8211; \u0110\u01a1n h\u00e0ng c\u00f3 gi\u00e1 tr\u1ecb t\u1eeb 2.000.000 VN\u0110 tr\u1edf l\u00ean: MI\u1ec4N PH\u00cd<br \/>\n&#8211; \u0110\u01a1n h\u00e0ng c\u00f3 gi\u00e1 tr\u1ecb d\u01b0\u1edbi 2.000.000 VN\u0110: nh\u00e2n vi\u00ean s\u1ebd b\u00e1o m\u1ee9c gi\u00e1 c\u1ee5 th\u1ec3 t\u00f9y theo kho\u1ea3ng c\u00e1ch.<\/td>\n<\/tr>\n<tr>\n<td>Ngo\u1ea1i th\u00e0nh TP. H\u1ed3 Ch\u00ed Minh<\/td>\n<td>\u00a0&#8211; Nh\u00e2n vi\u00ean s\u1ebd b\u00e1o m\u1ee9c gi\u00e1 c\u1ee5 th\u1ec3 t\u00f9y theo kho\u1ea3ng c\u00e1ch.<\/td>\n<\/tr>\n<tr>\n<td>C\u00e1c t\u1ec9nh th\u00e0nh kh\u00e1c trong c\u1ea3 n\u01b0\u1edbc<\/td>\n<td>\u00a0&#8211; Nh\u00e2n vi\u00ean s\u1ebd b\u00e1o m\u1ee9c gi\u00e1 c\u1ee5 th\u1ec3 t\u00f9y theo kho\u1ea3ng c\u00e1ch.<\/td>\n<\/tr>\n<tr>\n<td colspan=\"2\"><span data-darkreader-inline-color=\"\"><strong>Ch\u00fa \u00fd:<\/strong><\/span><\/p>\n<ul>\n<li>\u0110\u1ed1i v\u1edbi c\u00e1c \u0111\u01a1n h\u00e0ng \u0111\u01b0\u1ee3c giao t\u1edbi c\u00e1c t\u1ec9nh th\u00e0nh kh\u00e1c trong c\u1ea3 n\u01b0\u1edbc, \u0111\u01a1n h\u00e0ng\u00a0c\u00f3 th\u1ec3 b\u1ecb t\u00ednh ph\u1ee5 ph\u00ed ngo\u00e0i chi ph\u00ed v\u1eadn chuy\u1ec3n\u00a0\u0111\u1ec3 b\u1ea3o \u0111\u1ea3m h\u00e0ng h\u00f3a \u0111\u01b0\u1ee3c v\u1eadn chuy\u1ec3n ph\u00f9 h\u1ee3p v\u00e0 an to\u00e0n b\u1edfi \u0111\u01a1n v\u1ecb v\u1eadn chuy\u1ec3n. Trong tr\u01b0\u1eddng h\u1ee3p \u0111\u00f3, ch\u00fang t\u00f4i c\u0169ng s\u1ebd th\u00f4ng b\u00e1o v\u00e0 x\u00e1c nh\u1eadn v\u1edbi Kh\u00e1ch h\u00e0ng tr\u01b0\u1edbc khi \u0111\u01a1n h\u00e0ng \u0111\u01b0\u1ee3c x\u00e1c nh\u1eadn v\u00e0 ti\u1ebfn h\u00e0nh giao h\u00e0ng.<\/li>\n<\/ul>\n<\/td>\n<\/tr>\n<\/tbody>\n<\/table>\n<p><span data-darkreader-inline-color=\"\"><strong>4. Thanh to\u00e1n:<\/strong><\/span> Tham kh\u1ea3o th\u00eam t\u1ea1i trang <strong><a href=\"https:\/\/www.indianfoodcart.com\/chinh-sach-thanh-toan\/\">Ch\u00ednh S\u00e1ch Thanh To\u00e1n<\/a><\/strong>.<\/p>\n<p><strong>\u00a0a. T\u1ea1i c\u1eeda h\u00e0ng:<\/strong><br \/>\n&#8211; Thanh to\u00e1n b\u1eb1ng ti\u1ec1n m\u1eb7t<\/p>\n<p>&#8211; Thanh to\u00e1n b\u1eb1ng th\u1ebb ATM ho\u1eb7c th\u1ebb t\u00edn d\u1ee5ng VISA\/MASTER\/JCB<\/p>\n<p>&#8211; Chuy\u1ec3n kho\u1ea3n v\u00e0o t\u00e0i kho\u1ea3n c\u1ee7a C\u00f4ng ty TNHH To\u00e0n C\u1ea7u Pan :<\/p>\n<ul>\n<li>T\u00e0i kho\u1ea3n c\u00f4ng ty:\u00a0<strong>C\u00d4NG TY TNHH TO\u00c0N C\u1ea6U PANS<\/strong><br \/>\nS\u1ed1 t\u00e0i kho\u1ea3n: <strong>0304000005130<\/strong>\u00a0m\u1edf t\u1ea1i\u00a0<strong>Ng\u00e2n h\u00e0ng TNHH MTV Public Vi\u1ec7t Nam.<\/strong><br \/>\nM\u00e3 s\u1ed1 thu\u1ebf: <strong>0312644793<\/strong><\/li>\n<\/ul>\n<p><strong>\u00a0b. N\u1ed9i th\u00e0nh &amp; Ngo\u1ea1i Th\u00e0nh TP. H\u1ed3 Ch\u00ed Minh:\u00a0<\/strong><\/p>\n<p>&#8211; Thanh to\u00e1n b\u1eb1ng ti\u1ec1n m\u1eb7t<\/p>\n<p>&#8211; Chuy\u1ec3n kho\u1ea3n v\u00e0o t\u00e0i kho\u1ea3n c\u1ee7a C\u00f4ng ty TNHH TM DV \u0110\u1ed9 N\u00e9t Cao :<\/p>\n<ul>\n<li>T\u00e0i kho\u1ea3n c\u00f4ng ty:\u00a0<strong>C\u00d4NG TY TNHH TO\u00c0N C\u1ea6U PANS<\/strong><br \/>\nS\u1ed1 t\u00e0i kho\u1ea3n: <strong>0304000005130<\/strong>\u00a0m\u1edf t\u1ea1i\u00a0<strong>Ng\u00e2n h\u00e0ng TNHH MTV Public Vi\u1ec7t Nam.<\/strong><br \/>\nM\u00e3 s\u1ed1 thu\u1ebf: <strong>0312644793<\/strong><\/li>\n<\/ul>\n<p><strong>c. C\u00e1c t\u1ec9nh th\u00e0nh kh\u00e1c:<\/strong><\/p>\n<p>Kh\u00e1ch h\u00e0ng ph\u1ea3i thanh to\u00e1n 100% gi\u00e1 tr\u1ecb \u0111\u01a1n h\u00e0ng v\u00e0 chuy\u1ec3n kho\u1ea3n v\u00e0o t\u00e0i kho\u1ea3n c\u1ee7a C\u00f4ng ty TNHH To\u00e0n C\u1ea7u Pans :<\/p>\n<ul>\n<li>T\u00e0i kho\u1ea3n c\u00f4ng ty:\u00a0<strong>C\u00d4NG TY TNHH TO\u00c0N C\u1ea6U PANS<\/strong><br \/>\nS\u1ed1 t\u00e0i kho\u1ea3n: <strong>0304000005130<\/strong>\u00a0m\u1edf t\u1ea1i\u00a0<strong>Ng\u00e2n h\u00e0ng TNHH MTV Public Vi\u1ec7t Nam.<\/strong><br \/>\nM\u00e3 s\u1ed1 thu\u1ebf: <strong>0312644793<\/strong><\/li>\n<\/ul>\n<h3><span data-darkreader-inline-color=\"\"><strong>IV. Ch\u00ednh s\u00e1ch ki\u1ec3m h\u00e0ng:<\/strong><\/span><\/h3>\n<p><span data-darkreader-inline-color=\"\"><strong>1. \u0110\u01a1n h\u00e0ng \u0111\u01b0\u1ee3c giao b\u1edfi nh\u00e2n vi\u00ean c\u1ee7a C\u00f4ng ty TNHH To\u00e0n C\u1ea7u Pans:<\/strong><\/span><\/p>\n<p>Kh\u00e1ch h\u00e0ng \u0111\u01b0\u1ee3c quy\u1ec1n ki\u1ec3m tra s\u1ea3n ph\u1ea9m tr\u01b0\u1edbc khi k\u00fd nh\u1eadn h\u00e0ng, r\u1ee7i ro \u0111\u1ed1i v\u1edbi s\u1ea3n ph\u1ea9m s\u1ebd \u0111\u01b0\u1ee3c chuy\u1ec3n giao cho kh\u00e1ch h\u00e0ng k\u1ec3 t\u1eeb khi s\u1ea3n ph\u1ea9m \u0111\u00e3 \u0111\u01b0\u1ee3c giao cho kh\u00e1ch h\u00e0ng ho\u1eb7c ng\u01b0\u1eddi \u0111\u01b0\u1ee3c \u1ee7y quy\u1ec1n nh\u1eadn h\u00e0ng c\u1ee7a kh\u00e1ch h\u00e0ng v\u00e0 k\u00fd nh\u1eadn v\u00e0o bi\u00ean b\u1ea3n giao h\u00e0ng.<br \/>\n<span data-darkreader-inline-color=\"\"><strong>L\u01b0u \u00fd:<\/strong><\/span>\u00a0ch\u00fang t\u00f4i kh\u00f4ng c\u00f3 ngh\u0129a v\u1ee5 ki\u1ec3m tra t\u00ednh h\u1ee3p l\u1ec7 hay h\u1ee3p ph\u00e1p trong vi\u1ec7c b\u1ea1n \u1ee7y quy\u1ec1n cho m\u1ed9t c\u00e1 nh\u00e2n kh\u00e1c \u0111\u1ec3 nh\u1eadn h\u00e0ng.<\/p>\n<p><span data-darkreader-inline-color=\"\"><strong>2. \u0110\u01a1n h\u00e0ng \u0111\u01b0\u1ee3c giao b\u1edfi \u0111\u01a1n v\u1ecb v\u1eadn chuy\u1ec3n chuy\u00ean nghi\u00eap:\u00a0<\/strong><\/span><\/p>\n<p>S\u1ea3n ph\u1ea9m \u0111\u01b0\u1ee3c giao theo nguy\u00ean t\u1eafc \u201cnguy\u00ean \u0111ai, nguy\u00ean ki\u1ec7n\u201d v\u00e0 \u0111\u01b0\u1ee3c \u0111\u00f3ng g\u00f3i k\u1ef9 l\u01b0\u1ee1ng, c\u00e1c \u0111\u01a1n v\u1ecb v\u1eadn chuy\u1ec3n n\u00e0y kh\u00f4ng ch\u1ecbu tr\u00e1ch nhi\u1ec7m \u0111\u1ed1i v\u1edbi n\u1ed9i dung h\u00e0ng h\u00f3a b\u00ean trong. \u0110\u1ed3ng th\u1eddi, ch\u00fang t\u00f4i kh\u00f4ng cho ph\u00e9p kh\u00e1ch h\u00e0ng ki\u1ec3m tra s\u1ea3n ph\u1ea9m tr\u01b0\u1edbc khi nh\u1eadn h\u00e0ng. V\u00ec v\u1eady, kh\u00e1ch h\u00e0ng c\u00f3 th\u1ec3 t\u1eeb ch\u1ed1i nh\u1eadn h\u00e0ng n\u1ebfu ph\u00e1t hi\u1ec7n s\u1ea3n ph\u1ea9m c\u00f3 d\u1ea5u hi\u1ec7u b\u1ecb h\u01b0 h\u1ea1i, r\u00e1ch, m\u00f3p m\u00e9o, \u01b0\u1edbt bao b\u00ec v\u00e0 th\u00f4ng b\u00e1o ngay cho ch\u00fang t\u00f4i khi ph\u00e1t hi\u1ec7n.<\/p>\n<p><span data-darkreader-inline-color=\"\"><strong>L\u01b0u \u00fd:\u00a0<\/strong><\/span>Khi khui (m\u1edf) h\u1ed9p c\u00e1c s\u1ea3n ph\u1ea9m, kh\u00e1ch h\u00e0ng vui l\u00f2ng\u00a0<strong>quay l\u1ea1i video qu\u00e1 tr\u00ecnh th\u1ef1c hi\u1ec7n<\/strong>\u00a0\u0111\u1ec3 \u0111\u1ea3m b\u1ea3o quy\u1ec1n l\u1ee3i c\u1ee7a kh\u00e1ch h\u00e0ng. Kh\u00e1ch h\u00e0ng c\u1ea7n ki\u1ec3m tra ngo\u1ea1i h\u00ecnh v\u00e0 b\u1ea5t k\u1ef3 l\u1ed7i ho\u1eb7c h\u01b0 h\u1ea1i n\u00e0o tr\u01b0\u1edbc khi s\u1eed d\u1ee5ng.<\/p>\n<h3><span data-darkreader-inline-color=\"\"><strong>V. Khi\u1ebfu n\u1ea1i:<\/strong><\/span><\/h3>\n<p>N\u1ebfu kh\u00e1ch h\u00e0ng c\u00f3 b\u1ea5t k\u1ef3 khi\u1ebfu n\u1ea1i, \u00fd ki\u1ebfn g\u00ec v\u1ec1 qu\u00e1 tr\u00ecnh v\u1eadn chuy\u1ec3n, giao nh\u1eadn, ki\u1ec3m tra h\u00e0ng h\u00f3a &#8230; Kh\u00e1ch h\u00e0ng h\u00e3y li\u00ean l\u1ea1c ngay t\u1edbi ch\u00fang t\u00f4i theo th\u00f4ng tin sau:<\/p>\n<p>&#8211;\u00a0<strong>C\u00f4ng ty TNHH To\u00e0n C\u1ea7u Pans<\/strong><\/p>\n<p>&#8211; Tr\u1ee5 s\u1edf: <strong>T\u1ea7ng 5, S\u1ed1 19M Nguy\u1ec5n H\u1eefu C\u1ea3nh, P.19, Q.B\u00ecnh Th\u1ea1nh, TP. HCM.<\/strong><\/p>\n<p>&#8211; M\u00e3 s\u1ed1 thu\u1ebf:\u00a0<strong>0312644793<\/strong><\/p>\n<p>&#8211; Hotline h\u1ed7 tr\u1ee3: Ms. Nguyen <strong>0332-552-488<\/strong> (Vietnamese\/ English)<\/p>\n<p>&#8211; Hotline mua h\u00e0ng &amp; T\u01b0 v\u1ea5n s\u1ea3n ph\u1ea9m: Mr Ashish: <strong>0932-020-227<\/strong> (English), Ms Phuong: <strong>0784-837-668<\/strong> (Vietnamese\/ English)<\/p>\n<p>&#8211; Email h\u1ed7 tr\u1ee3:\u00a0foodteam@pansglobal.com.<\/p>\n","protected":false},"excerpt":{"rendered":"<p>CH\u00cdNH S\u00c1CH\u00a0V\u1eacN CHUY\u1ec2N &amp; GIAO NH\u1eacN I. Gi\u1edbi thi\u1ec7u v\u00e0 nguy\u00ean t\u1eafc chung: &#8211; Website th\u01b0\u01a1ng m\u1ea1i \u0111i\u1ec7n t\u1eed\u00a0www.indianfoodcart.com\u00a0(sau \u0111\u00e2y g\u1ecdi l\u00e0\u00a0trang web)\u00a0l\u00e0 m\u1ed9t website th\u00e0nh vi\u00ean c\u1ee7a C\u00f4ng ty TNHH To\u00e0n C\u1ea7u Pans (sau \u0111\u00e2y g\u1ecdi l\u00e0 ch\u00fang t\u00f4i) v\u00e0 \u0111\u01b0\u1ee3c ch\u00fang t\u00f4i th\u1ef1c hi\u1ec7n ho\u1ea1t \u0111\u1ed9ng v\u00e0 v\u1eadn h\u00e0nh. &#8211; Ch\u00ednh s\u00e1ch giao [&hellip;]<\/p>\n","protected":false},"author":1,"featured_media":0,"parent":0,"menu_order":0,"comment_status":"closed","ping_status":"closed","template":"","meta":{"footnotes":""},"class_list":["post-8841","page","type-page","status-publish","hentry"],"_links":{"self":[{"href":"https:\/\/www.indianfoodcart.com\/vn\/wp-json\/wp\/v2\/pages\/8841","targetHints":{"allow":["GET"]}}],"collection":[{"href":"https:\/\/www.indianfoodcart.com\/vn\/wp-json\/wp\/v2\/pages"}],"about":[{"href":"https:\/\/www.indianfoodcart.com\/vn\/wp-json\/wp\/v2\/types\/page"}],"author":[{"embeddable":true,"href":"https:\/\/www.indianfoodcart.com\/vn\/wp-json\/wp\/v2\/users\/1"}],"replies":[{"embeddable":true,"href":"https:\/\/www.indianfoodcart.com\/vn\/wp-json\/wp\/v2\/comments?post=8841"}],"version-history":[{"count":7,"href":"https:\/\/www.indianfoodcart.com\/vn\/wp-json\/wp\/v2\/pages\/8841\/revisions"}],"predecessor-version":[{"id":9062,"href":"https:\/\/www.indianfoodcart.com\/vn\/wp-json\/wp\/v2\/pages\/8841\/revisions\/9062"}],"wp:attachment":[{"href":"https:\/\/www.indianfoodcart.com\/vn\/wp-json\/wp\/v2\/media?parent=8841"}],"curies":[{"name":"wp","href":"https:\/\/api.w.org\/{rel}","templated":true}]}}