{"id":8629,"date":"2025-01-11T14:57:34","date_gmt":"2025-01-11T07:57:34","guid":{"rendered":"http:\/\/localhost\/?page_id=8629"},"modified":"2025-11-25T12:40:28","modified_gmt":"2025-11-25T05:40:28","slug":"about-us","status":"publish","type":"page","link":"https:\/\/www.indianfoodcart.com\/vn\/about-us\/","title":{"rendered":"ABOUT US"},"content":{"rendered":"<h5>About PansGlobal Ltd. Vietnam | IndianFoodCart.com &#8211; Largest importer of Indian groceries in Vietnam<\/h5>\n<p><strong>PansGlobal Ltd. Vietnam<\/strong>, has been established in 2014, headquartered in Ho Chi Minh City, the commercial Capital and dynamic City of South Vietnam. We are Importers &amp; Distributors across Vietnam. Our Products are registered in Vietnam. Our Customer base includes regional sub distributors, Super Markets, Hypermarkets, Hotels, Resorts, Retail Shops and end Consumers.<\/p>\n<p><strong>Our Mission is to spread Indian High quality products around Vietnam, our Values include Quality and Reliability!<\/strong><\/p>\n<p>We are associated with leading Consumer Brands from India like Rajdhani, Amul, Haldiram, Everest, etc. Importing Food Products, Superfoods, Organic and Herbal Cosmetics. Our variety of products includes 35+ categories and over 800+ SKU. Besides,\u00a0PG Premium is our in House Brand for premium quality Spices, Beans, Basmati Rice, Nuts from India<\/p>\n<p><strong>PansGlobal Ltd. Vietnam<\/strong>\u00a0is certified with two Food Warehouses- Port Warehouse and City Warehouse in Ho chi Minh City around 5000sqm+<\/p>\n<p>Our Marketing Team is professionally trained to promote Brands all over Vietnam, our Sales Team reaches across Vietnam with excellent Customer Service, our Customer Base is wide across Vietnam over 20,000+ in number , which includes, Indians, Expats and Vietnamese<\/p>\n<p><strong>Indian Food Cart<\/strong>, an online\/Retail shop, Customer can order through app or website and build PG Cash points to enjoy Rewards for continous\u00a0purchases. Our Team delivers goods to all end users across Vietnam, high quality premium products at lowest prices<\/p>\n<p>We are proud to serve our partners and customers for Imported Indian Grocery in Vietnam with best quality products at reasonable prices.<\/p>\n<p>We are happy to have Business queries with potential lead Products for Vietnam Market, we build business on trust, quality and longevity.<\/p>\n<h5>\u2b50 Why Thousands Choose IndianFoodCart.com &#8211; Largest importer of Indian groceries in Vietnam?<\/h5>\n<ul>\n<li>800+ authentic Indian products<\/li>\n<li>Direct import = best price + fresh stock<\/li>\n<li>Warehouses in HCMC, Hanoi &amp; Da Nang<\/li>\n<li>Fast nationwide delivery<\/li>\n<li>Trusted by supermarkets, restaurants &amp; hotels<\/li>\n<li>Multilingual customer support<\/li>\n<li>Wholesale &amp; retail available<\/li>\n<li>10+ years of industry experience<\/li>\n<\/ul>\n<p><strong>WAREHOUSE <\/strong>27 Me Linh, Ward 19, Binh Thanh, HCMC.<\/p>\n<p><strong>ORDER:<\/strong><br \/>\n+English &amp; Hindi: Mr Ashish: 0932 020 227<br \/>\n+Vietnamese: Ms Phuong: 0784 837 668 | Ms Nguyen: 0332 552 488<\/p>\n<p><strong>\u2014 For SUB DISTRIBUTORSHIP \u2014 <\/strong>Please Contact Ms. Nidhi: 0909 193 230 |\u00a0Email:\u00a0Nidhi@Pansglobal.Com<br \/>\nWorking Time: Monday \u2013 Saturday 7:30AM \u2013 7:00PM. Sunday closed.<\/p>\n<p>Please call us at Hotline Number \u2013 0932020227, or visit\u00a0<a href=\"https:\/\/www.indianfoodcart.com\/\"><strong>www.indianfoodcart.com<\/strong><\/a>\u00a0for online ordering.<\/p>\n<p>Also surf\u00a0<a href=\"http:\/\/www.benaras.club\/\"><strong>www.benaras.club<\/strong><\/a>\u00a0for best INDIAN Food in Ho Chi Minh City, Indian Restaurant in Saigon, Top Indian Restaurant in Ho Chi Minh City.<\/p>\n<p>===<\/p>\n<p><strong>C\u00d4NG TY TNHH TO\u00c0N C\u1ea6U PANS<\/strong>\u00a0\u0111\u01b0\u1ee3c th\u00e0nh l\u1eadp v\u00e0o n\u0103m 2014, c\u00f3 tr\u1ee5 s\u1edf ch\u00ednh t\u1ea1i Th\u00e0nh ph\u1ed1 H\u1ed3 Ch\u00ed Minh, mi\u1ec1n Nam Vi\u1ec7t Nam. Ch\u00fang t\u00f4i l\u00e0 Nh\u00e0 nh\u1eadp kh\u1ea9u &amp; Ph\u00e2n ph\u1ed1i th\u1ef1c ph\u1ea9m kh\u1eafp Vi\u1ec7t Nam. S\u1ea3n ph\u1ea9m c\u1ee7a ch\u00fang t\u00f4i \u0111\u00e3 \u0111\u01b0\u1ee3c \u0111\u0103ng k\u00fd t\u1ea1i Vi\u1ec7t Nam. Kh\u00e1ch h\u00e0ng c\u1ee7a ch\u00fang t\u00f4i bao g\u1ed3m c\u00e1c nh\u00e0 ph\u00e2n ph\u1ed1i ph\u1ee5 trong khu v\u1ef1c, Si\u00eau th\u1ecb, \u0110\u1ea1i si\u00eau th\u1ecb, Kh\u00e1ch s\u1ea1n, Khu ngh\u1ec9 d\u01b0\u1ee1ng, C\u1eeda h\u00e0ng b\u00e1n l\u1ebb v\u00e0 kh\u00e1ch h\u00e0ng c\u00e1 nh\u00e2n.<br \/>\nS\u1ee9 m\u1ec7nh c\u1ee7a ch\u00fang t\u00f4i l\u00e0 truy\u1ec1n b\u00e1 c\u00e1c s\u1ea3n ph\u1ea9m Ch\u1ea5t l\u01b0\u1ee3ng cao c\u1ee7a \u1ea4n \u0110\u1ed9 \u0111\u1ebfn kh\u1eafp Vi\u1ec7t Nam, Gi\u00e1 tr\u1ecb c\u1ee7a ch\u00fang t\u00f4i bao g\u1ed3m Ch\u1ea5t l\u01b0\u1ee3ng v\u00e0 \u0110\u1ed9 tin c\u1eady!<\/p>\n<p>Ch\u00fang t\u00f4i h\u1ee3p t\u00e1c &amp; li\u00ean k\u1ebft v\u1edbi c\u00e1c Th\u01b0\u01a1ng hi\u1ec7u th\u1ef1c ph\u1ea9m h\u00e0ng \u0111\u1ea7u t\u1eeb \u1ea4n \u0110\u1ed9 nh\u01b0 Rajdhani, Amul, Haldiram, Everest, v.v. Nh\u1eadp kh\u1ea9u c\u00e1c S\u1ea3n ph\u1ea9m Th\u1ef1c ph\u1ea9m, Si\u00eau th\u1ef1c ph\u1ea9m, M\u1ef9 ph\u1ea9m H\u1eefu c\u01a1 v\u00e0 Th\u1ea3o d\u01b0\u1ee3c. C\u00e1c m\u1eb7t hang c\u1ee7a ch\u00fang t\u00f4i r\u1ea5t \u0111a d\u1ea1ng: h\u01a1n 35 danh m\u1ee5c s\u1ea3n ph\u1ea9m v\u00e0 h\u01a1n 800 m\u1eb7t h\u00e0ng s\u1eb5n c\u00f3 trong kho. B\u00ean c\u1ea1nh \u0111\u00f3, PG Premium l\u00e0 Th\u01b0\u01a1ng hi\u1ec7u h\u00e0ng \u0111\u1ea7u c\u1ee7a ch\u00fang t\u00f4i v\u1ec1 Gia v\u1ecb, \u0110\u1eadu, G\u1ea1o, &amp; c\u00e1c lo\u1ea1i h\u1ea1t c\u00f3 ch\u1ea5t l\u01b0\u1ee3ng cao t\u1eeb \u1ea4n \u0110\u1ed9 Pansglobal Vietnam h\u1ee3p t\u00e1c s\u1eed d\u1ee5ng hai Nh\u00e0 kho l\u01b0u tr\u1eef th\u1ef1c ph\u1ea9m \u2013 Kho c\u1ea3ng v\u00e0 Kho h\u00e0ng t\u1ea1i Th\u00e0nh ph\u1ed1 H\u1ed3 Ch\u00ed Minh v\u1edbi quy m\u00f4 kho\u1ea3ng 5000m2 +<\/p>\n<p>\u0110\u1ed9i ng\u0169 b\u00e1n h\u00e0ng v\u00e0 ti\u1ebfp th\u1ecb c\u1ee7a ch\u00fang t\u00f4i \u0111\u01b0\u1ee3c \u0111\u00e0o t\u1ea1o chuy\u00ean nghi\u1ec7p \u0111\u1ec3 qu\u1ea3ng b\u00e1 Th\u01b0\u01a1ng hi\u1ec7u tr\u00ean kh\u1eafp Vi\u1ec7t Nam,v\u1edbi D\u1ecbch v\u1ee5 l\u1ea5y kh\u00e1ch h\u00e0ng l\u00e0m tr\u1ecdng t\u00e2m, C\u01a1 s\u1edf Kh\u00e1ch h\u00e0ng c\u1ee7a ch\u00fang t\u00f4i r\u1ed9ng kh\u1eafp Vi\u1ec7t Nam v\u1edbi h\u01a1n 20.000 ng\u01b0\u1eddi, bao g\u1ed3m ng\u01b0\u1eddi \u1ea4n \u0110\u1ed9, Ng\u01b0\u1eddi n\u01b0\u1edbc ngo\u00e0i v\u00e0 ng\u01b0\u1eddi Vi\u1ec7t Nam.<\/p>\n<p><strong>Indian Food Cart<\/strong>, m\u1ed9t c\u1eeda h\u00e0ng b\u00e1n l\u1ebb \/ tr\u1ef1c tuy\u1ebfn, Kh\u00e1ch h\u00e0ng c\u00f3 th\u1ec3 \u0111\u1eb7t h\u00e0ng qua \u1ee9ng d\u1ee5ng ho\u1eb7c trang web v\u00e0 t\u00edch l\u0169y \u0111i\u1ec3m PG Cash \u0111\u1ec3 nh\u1eadn Ph\u1ea7n th\u01b0\u1edfng khi mua h\u00e0ng li\u00ean t\u1ee5c. \u0110\u1ed9i ng\u0169 c\u1ee7a ch\u00fang t\u00f4i cung c\u1ea5p h\u00e0ng h\u00f3a cho t\u1ea5t c\u1ea3 ng\u01b0\u1eddi d\u00f9ng cu\u1ed1i tr\u00ean kh\u1eafp Vi\u1ec7t Nam, c\u00e1c s\u1ea3n ph\u1ea9m cao c\u1ea5p ch\u1ea5t l\u01b0\u1ee3ng cao v\u1edbi gi\u00e1 th\u1ea5p nh\u1ea5t<\/p>\n<p>India Food Cart \u2013 Ch\u00fang t\u00f4i t\u1ef1 h\u00e0o \u0111\u01b0\u1ee3c ph\u1ee5c v\u1ee5 Qu\u00fd \u0111\u1ed1i t\u00e1c v\u00e0 Qu\u00fd kh\u00e1ch nh\u1eefng s\u1ea3n ph\u1ea9m nh\u1eadp kh\u1ea9u v\u1edbi ch\u1ea5t l\u01b0\u1ee3ng t\u1ed1t nh\u1ea5t &amp; gi\u00e1 c\u1ea3 h\u1ee3p l\u00fd t\u1ea1i th\u1ecb tr\u01b0\u1eddng Vi\u1ec7t Nam<br \/>\nCh\u00fang t\u00f4i r\u1ea5t t\u1ef1 h\u00e0o v\u00e0 h\u00e3nh di\u1ec7n l\u00e0 m\u1ed9t trong nh\u1eefng Doanh nghi\u1ec7p v\u1edbi S\u1ea3n ph\u1ea9m d\u1eabn \u0111\u1ea7u ti\u1ec1m n\u0103ng cho Th\u1ecb tr\u01b0\u1eddng Vi\u1ec7t Nam, ch\u00fang t\u00f4i x\u00e2y d\u1ef1ng c\u00f4ng vi\u1ec7c kinh doanh d\u1ef1a tr\u00ean ni\u1ec1m tin t\u1eeb kh\u00e1ch h\u00e0ng, ch\u1ea5t l\u01b0\u1ee3ng c\u1ee7a s\u1ea3n ph\u1ea9m gi\u00e1 tr\u1ecb c\u1ee7a d\u1ecbch v\u1ee5 cung c\u1ea5p cho kh\u00e1ch h\u00e0ng.<\/p>\n<h5>\u2b50 T\u1ea1i sao h\u00e0ng ng\u00e0n ng\u01b0\u1eddi ch\u1ecdn IndianFoodCart.com \u2013 Nh\u00e0 nh\u1eadp kh\u1ea9u th\u1ef1c ph\u1ea9m \u1ea4n \u0110\u1ed9 l\u1edbn nh\u1ea5t t\u1ea1i Vi\u1ec7t Nam?<\/h5>\n<ul>\n<li>H\u01a1n 800 s\u1ea3n ph\u1ea9m \u1ea4n \u0110\u1ed9 ch\u00ednh h\u00e3ng<\/li>\n<li>Nh\u1eadp kh\u1ea9u tr\u1ef1c ti\u1ebfp = gi\u00e1 t\u1ed1t nh\u1ea5t + h\u00e0ng t\u01b0\u01a1i s\u1ed1ng<\/li>\n<li>Kho h\u00e0ng t\u1ea1i TP.HCM, H\u00e0 N\u1ed9i v\u00e0 \u0110\u00e0 N\u1eb5ng<\/li>\n<li>Giao h\u00e0ng nhanh ch\u00f3ng tr\u00ean to\u00e0n qu\u1ed1c<\/li>\n<li>\u0110\u01b0\u1ee3c tin d\u00f9ng b\u1edfi c\u00e1c si\u00eau th\u1ecb, nh\u00e0 h\u00e0ng v\u00e0 kh\u00e1ch s\u1ea1n<\/li>\n<li>H\u1ed7 tr\u1ee3 kh\u00e1ch h\u00e0ng \u0111a ng\u00f4n ng\u1eef<\/li>\n<li>C\u00f3 b\u00e1n s\u1ec9 v\u00e0 l\u1ebb<\/li>\n<li>H\u01a1n 10 n\u0103m kinh nghi\u1ec7m trong ng\u00e0nh<\/li>\n<\/ul>\n<p><strong>T\u1ea1i TP. H\u1ed3 Ch\u00ed Minh: <\/strong>27 Me Linh, Ward 19, Binh Thanh, TP. HCM<\/p>\n<p><strong>\u0110\u1eb6T H\u00c0NG<\/strong><br \/>\n+English &amp; Hindi: Mr Ashish: 0932-020-227<br \/>\n+Vietnamese: Ms Phuong: 0784-837-668 | Ms Nguyen: 0332-552-488<\/p>\n<p><strong>\u2014 D\u00c0NH CHO NH\u00c0 PH\u00c2N PH\u1ed0I \u2014 <\/strong>Please Contact Ms. Nidhi: 0909193230 |\u00a0Email: Food@Pansglobal.Com<br \/>\nWorking Time: Monday \u2013 Saturday 9AM \u2013 6PM<\/p>\n<p>H\u00e3y g\u1ecdi cho ch\u00fang t\u00f4i theo s\u1ed1 Hotline \u2013 0932020227, ho\u1eb7c truy c\u1eadp www.indianfoodcart.com \u0111\u1ec3 \u0111\u1eb7t h\u00e0ng tr\u1ef1c tuy\u1ebfn.<\/p>\n<p>B\u1ea1n c\u00f3 th\u1ec3 truy c\u1eadp www.benaras.club \u0111\u1ec3 kh\u00e1m ph\u00e1 Nh\u00e0 h\u00e0ng \u1ea4n \u0110\u1ed9 h\u00e0ng \u0111\u1ea7u t\u1ea1i Th\u00e0nh ph\u1ed1 H\u1ed3 Ch\u00ed Minh.<\/p>\n<p>===<\/p>\n","protected":false},"excerpt":{"rendered":"<p>About PansGlobal Ltd. Vietnam | IndianFoodCart.com &#8211; Largest importer of Indian groceries in Vietnam PansGlobal Ltd. Vietnam, has been established in 2014, headquartered in Ho Chi Minh City, the commercial Capital and dynamic City of South Vietnam. We are Importers &amp; Distributors across Vietnam. Our Products are registered in Vietnam. Our Customer base includes regional [&hellip;]<\/p>\n","protected":false},"author":1,"featured_media":0,"parent":0,"menu_order":0,"comment_status":"closed","ping_status":"closed","template":"","meta":{"footnotes":""},"class_list":["post-8629","page","type-page","status-publish","hentry"],"_links":{"self":[{"href":"https:\/\/www.indianfoodcart.com\/vn\/wp-json\/wp\/v2\/pages\/8629","targetHints":{"allow":["GET"]}}],"collection":[{"href":"https:\/\/www.indianfoodcart.com\/vn\/wp-json\/wp\/v2\/pages"}],"about":[{"href":"https:\/\/www.indianfoodcart.com\/vn\/wp-json\/wp\/v2\/types\/page"}],"author":[{"embeddable":true,"href":"https:\/\/www.indianfoodcart.com\/vn\/wp-json\/wp\/v2\/users\/1"}],"replies":[{"embeddable":true,"href":"https:\/\/www.indianfoodcart.com\/vn\/wp-json\/wp\/v2\/comments?post=8629"}],"version-history":[{"count":12,"href":"https:\/\/www.indianfoodcart.com\/vn\/wp-json\/wp\/v2\/pages\/8629\/revisions"}],"predecessor-version":[{"id":9810,"href":"https:\/\/www.indianfoodcart.com\/vn\/wp-json\/wp\/v2\/pages\/8629\/revisions\/9810"}],"wp:attachment":[{"href":"https:\/\/www.indianfoodcart.com\/vn\/wp-json\/wp\/v2\/media?parent=8629"}],"curies":[{"name":"wp","href":"https:\/\/api.w.org\/{rel}","templated":true}]}}